{"id":8466,"date":"2021-12-16T13:31:29","date_gmt":"2021-12-16T18:31:29","guid":{"rendered":"https:\/\/puyapeptide.net\/product\/chat-luong-cao-atosiban-cas-90779-69-4-la-mot-chat-doi-khang-thu-the-contractin-va-pressin-v1a-ket-hop\/"},"modified":"2021-12-16T13:31:29","modified_gmt":"2021-12-16T18:31:29","slug":"chat-luong-cao-atosiban-cas-90779-69-4-la-mot-chat-doi-khang-thu-the-contractin-va-pressin-v1a-ket-hop","status":"publish","type":"product","link":"https:\/\/puyapeptide.net\/vi\/product\/chat-luong-cao-atosiban-cas-90779-69-4-la-mot-chat-doi-khang-thu-the-contractin-va-pressin-v1a-ket-hop\/","title":{"rendered":"Ch\u1ea5t l\u01b0\u1ee3ng cao Atosiban CAS 90779-69-4 l\u00e0 m\u1ed9t ch\u1ea5t \u0111\u1ed1i kh\u00e1ng th\u1ee5 th\u1ec3 contractin v\u00e0 pressin V1A k\u1ebft h\u1ee3p"},"content":{"rendered":"<h2><strong>Ch\u1ea5t l\u01b0\u1ee3ng cao Atosiban CAS 90779-69-4 l\u00e0 m\u1ed9t ch\u1ea5t \u0111\u1ed1i kh\u00e1ng th\u1ee5 th\u1ec3 contractin v\u00e0 pressin V1A k\u1ebft h\u1ee3p<\/strong><\/h2>\n<p> T\u00ean s\u1ea3n ph\u1ea9m: Atosiban<br \/>\n T\u1eeb \u0111\u1ed3ng ngh\u0129a: RW-22164; RW-22164; RWJ-22164; Atosiban Impurtiy; gi\u00e1 atosiban; 1-deamino-2d-tyr- (oet) -4-thr-8-orn- oxytocin; oxytocin, 1- (3-mercaptopropanoicacid) -2- (o-ethyl-d-tyrosine) -4-l-threonine-8-l; rwj22164; ATOSIBAN ACETATE<br \/>\n CAS: 90779-69-4 &lt;&amp; &gt; MF: C43H67N11O12S2<br \/>\n MW: 994.19<br \/>\n EINECS: 806-815-5<br \/>\n Danh m\u1ee5c s\u1ea3n ph\u1ea9m: hormone; Peptide<br \/>\n Mol T\u1ec7p: 90779-69-4.mol <\/p>\n<p> Atosiban \u0111\u00e3 \u0111\u01b0\u1ee3c gi\u1edbi thi\u1ec7u \u1edf Anh d\u01b0\u1edbi d\u1ea1ng thu\u1ed1c ti\u00eam \u1ee9c ch\u1ebf sinh non, m\u1ed9t nguy\u00ean nh\u00e2n ch\u00ednh g\u00e2y ra b\u1ec7nh t\u1eadt v\u00e0 t\u1eed vong \u1edf tr\u1ebb s\u01a1 sinh. Ch\u1ea5t t\u01b0\u01a1ng t\u1ef1 peptidic oxytocin n\u00e0y l\u00e0 ch\u1ea5t \u0111\u1ed1i kh\u00e1ng v\u1edbi th\u1ee5 th\u1ec3 V1a vasopressin v\u00e0 th\u1ee5 th\u1ec3 oxytocin \u0111\u01b0\u1ee3c t\u00ecm th\u1ea5y v\u1edbi n\u1ed3ng \u0111\u1ed9 t\u0103ng \u0111\u1ed9t ng\u1ed9t trong c\u01a1 t\u1eed cung c\u1ee7a ph\u1ee5 n\u1eef mang thai g\u1ea7n sinh. N\u00f3 \u1ee9c ch\u1ebf m\u1ed9t c\u00e1ch c\u1ea1nh tranh c\u00e1c c\u01a1n co th\u1eaft trong t\u1eed cung chu\u1ed9t lang mang thai do oxytocin v\u00e0 vasopressin g\u00e2y ra. Trong m\u1ed9t th\u1eed nghi\u1ec7m \u0111a trung t\u00e2m, m\u00f9 \u0111\u00f4i, c\u00f3 \u0111\u1ed1i ch\u1ee9ng v\u1edbi gi\u1ea3 d\u01b0\u1ee3c, \u0111i\u1ec1u tr\u1ecb b\u1eb1ng atosiban g\u00e2y k\u00e9o d\u00e0i th\u1eddi gian mang thai l\u00ean \u0111\u1ebfn 7 ng\u00e0y \u1edf ph\u1ee5 n\u1eef c\u00f3 tu\u1ed5i thai tr\u00ean 28 tu\u1ea7n. Trong m\u1ed9t th\u1eed nghi\u1ec7m l\u00e2m s\u00e0ng so s\u00e1nh, atosiban cho th\u1ea5y t\u00e1c d\u1ee5ng l\u00e0m tan m\u1ee1 (thu\u1ed1c gi\u00e3n t\u1eed cung) t\u01b0\u01a1ng \u0111\u01b0\u01a1ng v\u1edbi ritodrine nh\u01b0ng thu\u1ed1c tr\u01b0\u1edbc \u0111\u00e2y \u0111\u01b0\u1ee3c dung n\u1ea1p t\u1ed1t h\u01a1n \u0111\u00e1ng k\u1ec3, \u0111\u1eb7c bi\u1ec7t l\u00e0 li\u00ean quan \u0111\u1ebfn t\u00e1c d\u1ee5ng ph\u1ee5 tim m\u1ea1ch \u1edf m\u1eb9. \u1ede nh\u1eefng ng\u01b0\u1eddi t\u00ecnh nguy\u1ec7n kh\u1ecfe m\u1ea1nh, n\u1ed3ng \u0111\u1ed9 atosiban trong huy\u1ebft t\u01b0\u01a1ng gi\u1ea3m theo c\u1ea5p s\u1ed1 nh\u00e2n v\u1edbi th\u1eddi gian b\u00e1n th\u1ea3i ban \u0111\u1ea7u v\u00e0 th\u1eddi gian b\u00e1n h\u1ee7y cu\u1ed1i l\u1ea7n l\u01b0\u1ee3t l\u00e0 21 ph\u00fat v\u00e0 1,7 gi\u1edd. <\/p>\n<p> Atosiban l\u00e0 m\u1ed9t ch\u1ea5t \u0111\u1ed1i kh\u00e1ng th\u1ee5 th\u1ec3 k\u1ebft h\u1ee3p c\u1ee7a contractin v\u00e0 pressin V1A. C\u1ea5u tr\u00fac c\u1ee7a th\u1ee5 th\u1ec3 contractin v\u00e0 th\u1ee5 th\u1ec3 Pressin V1A l\u00e0 t\u01b0\u01a1ng t\u1ef1 nhau. Khi th\u1ee5 th\u1ec3 hormone co b\u00f3p b\u1ecb ch\u1eb7n, hormone co b\u00f3p v\u1eabn c\u00f3 th\u1ec3 ho\u1ea1t \u0111\u1ed9ng th\u00f4ng qua th\u1ee5 th\u1ec3 V1A, v\u00ec v\u1eady c\u1ea7n ph\u1ea3i ch\u1eb7n hai con \u0111\u01b0\u1eddng ho\u1ea1t \u0111\u1ed9ng c\u1ee7a th\u1ee5 th\u1ec3 tr\u00ean khi s\u1eed d\u1ee5ng c\u00f9ng m\u1ed9t Chemicalbook, v\u00e0 \u0111\u1ed1i kh\u00e1ng \u0111\u01a1n l\u1ebb c\u1ee7a m\u1ed9t th\u1ee5 th\u1ec3 c\u00f3 th\u1ec3 \u1ee9c ch\u1ebf hi\u1ec7u qu\u1ea3 co b\u00f3p t\u1eed cung. \u0110\u00e2y l\u00e0 m\u1ed9t trong nh\u1eefng l\u00fd do ch\u00ednh t\u1ea1i sao ch\u1ea5t ch\u1ee7 v\u1eadn beta, thu\u1ed1c ch\u1eb9n k\u00eanh canxi v\u00e0 ch\u1ea5t \u1ee9c ch\u1ebf t\u1ed5ng h\u1ee3p prostaglandin kh\u00f4ng \u1ee9c ch\u1ebf hi\u1ec7u qu\u1ea3 c\u00e1c c\u01a1n co t\u1eed cung. <\/p>\n<p> <strong>Atosiban CAS 90779-69-4 T\u00ednh ch\u1ea5t h\u00f3a h\u1ecdc<\/strong><br \/>\n \u0110i\u1ec3m s\u00f4i 1469,0 \u00b1 65,0 \u00b0 C (D\u1ef1 \u0111o\u00e1n)<br \/>\n m\u1eadt \u0111\u1ed9 1,254 \u00b1 0,06 g \/ cm3 (D\u1ef1 \u0111o\u00e1n)<br \/>\n nhi\u1ec7t \u0111\u1ed9 b\u1ea3o qu\u1ea3n. -20 \u00b0 C<br \/>\n \u0111\u1ed9 h\u00f2a tan H2O: \u2264100 mg \/ mL<br \/>\n d\u1ea1ng r\u1eafn<br \/>\n pka 12,81 \u00b1 0,70 (D\u1ef1 \u0111o\u00e1n)<br \/>\n CAS DataBase Reference 90779-69-4 (CAS DataBase Reference)<br \/>\n &lt; &amp;&gt; <strong>Ch\u1ee9c n\u0103ng v\u00e0 \u1ee9ng d\u1ee5ng c\u1ee7a Atosiban CAS 90779-69-4<\/strong><br \/>\n 1. Chuy\u1ec3n d\u1ea1 sinh non<br \/>\n 2. Atosiban l\u00e0 m\u1ed9t ch\u1ea5t ng\u0103n ch\u1eb7n th\u1ee5 th\u1ec3 oxytocin trong \u0111i\u1ec1u tr\u1ecb l\u1ea1c n\u1ed9i m\u1ea1c t\u1eed cung th\u1ef1c nghi\u1ec7m v\u00e0 \u0111\u00e3 cho th\u1ea5y hi\u1ec7u qu\u1ea3 \u0111i\u1ec1u tr\u1ecb \u0111\u00e1ng k\u1ec3. <\/p>\n<p> Atosiban Nghi\u00ean c\u1ee9u ch\u1ed1ng ung th\u01b0 T\u00e1c d\u1ee5ng ch\u1ed1ng u c\u1ee7a tinh d\u1ea7u O. falcata \u0111\u00e3 \u0111\u01b0\u1ee3c th\u1eed nghi\u1ec7m tr\u00ean c\u00e1c kh\u1ed1i u r\u1eafn \u0111\u01b0\u1ee3c c\u1ea5y gh\u00e9p b\u1eb1ngmurine H22 in vivo . S\u1ef1 \u1ee9c ch\u1ebf t\u0103ng tr\u01b0\u1edfng \u1edf kh\u1ed1i u r\u1eafn H22 l\u00e0 v\u1eeba ph\u1ea3i (Yang v\u00e0 c\u1ed9ng s\u1ef1 2013).<\/p>\n","protected":false},"excerpt":{"rendered":"<p>T\u00ean s\u1ea3n ph\u1ea9m: Atosiban<br \/>\n CAS: 90779-69-4<br \/>\n MF: C43H67N11O12S2<br \/>\n MW: 994.19<br \/>\n EINECS: 806-815-5<br \/>\n Mol T\u1ec7p: 90779-69-4.mol<\/p>\n","protected":false},"featured_media":2136,"comment_status":"open","ping_status":"closed","template":"","meta":{"om_disable_all_campaigns":false,"_monsterinsights_skip_tracking":false,"_monsterinsights_sitenote_active":false,"_monsterinsights_sitenote_note":"","_monsterinsights_sitenote_category":0,"site-sidebar-layout":"default","site-content-layout":"default","ast-site-content-layout":"default","site-content-style":"default","site-sidebar-style":"default","ast-global-header-display":"","ast-banner-title-visibility":"","ast-main-header-display":"","ast-hfb-above-header-display":"","ast-hfb-below-header-display":"","ast-hfb-mobile-header-display":"","site-post-title":"","ast-breadcrumbs-content":"","ast-featured-img":"","footer-sml-layout":"","ast-disable-related-posts":"","theme-transparent-header-meta":"default","adv-header-id-meta":"","stick-header-meta":"","header-above-stick-meta":"","header-main-stick-meta":"","header-below-stick-meta":"","astra-migrate-meta-layouts":"default","ast-page-background-enabled":"default","ast-page-background-meta":{"desktop":{"background-color":"","background-image":"","background-repeat":"repeat","background-position":"center center","background-size":"auto","background-attachment":"scroll","background-type":"","background-media":"","overlay-type":"","overlay-color":"","overlay-opacity":"","overlay-gradient":""},"tablet":{"background-color":"","background-image":"","background-repeat":"repeat","background-position":"center center","background-size":"auto","background-attachment":"scroll","background-type":"","background-media":"","overlay-type":"","overlay-color":"","overlay-opacity":"","overlay-gradient":""},"mobile":{"background-color":"","background-image":"","background-repeat":"repeat","background-position":"center center","background-size":"auto","background-attachment":"scroll","background-type":"","background-media":"","overlay-type":"","overlay-color":"","overlay-opacity":"","overlay-gradient":""}},"ast-content-background-meta":{"desktop":{"background-color":"var(--ast-global-color-5)","background-image":"","background-repeat":"repeat","background-position":"center center","background-size":"auto","background-attachment":"scroll","background-type":"","background-media":"","overlay-type":"","overlay-color":"","overlay-opacity":"","overlay-gradient":""},"tablet":{"background-color":"var(--ast-global-color-5)","background-image":"","background-repeat":"repeat","background-position":"center center","background-size":"auto","background-attachment":"scroll","background-type":"","background-media":"","overlay-type":"","overlay-color":"","overlay-opacity":"","overlay-gradient":""},"mobile":{"background-color":"var(--ast-global-color-5)","background-image":"","background-repeat":"repeat","background-position":"center center","background-size":"auto","background-attachment":"scroll","background-type":"","background-media":"","overlay-type":"","overlay-color":"","overlay-opacity":"","overlay-gradient":""}}},"product_brand":[],"product_cat":[430],"product_tag":[1229],"class_list":{"0":"post-8466","1":"product","2":"type-product","3":"status-publish","4":"has-post-thumbnail","6":"product_cat-peptide-sinh-duc","7":"product_tag-high-quality-atosiban-cas-90779-69-4-is-a-combined-contractin-and-pressin-v1a-receptor-antagonist-vi","8":"desktop-align-left","9":"tablet-align-left","10":"mobile-align-left","12":"first","13":"instock","14":"shipping-taxable","15":"product-type-simple"},"_links":{"self":[{"href":"https:\/\/puyapeptide.net\/vi\/wp-json\/wp\/v2\/product\/8466","targetHints":{"allow":["GET"]}}],"collection":[{"href":"https:\/\/puyapeptide.net\/vi\/wp-json\/wp\/v2\/product"}],"about":[{"href":"https:\/\/puyapeptide.net\/vi\/wp-json\/wp\/v2\/types\/product"}],"replies":[{"embeddable":true,"href":"https:\/\/puyapeptide.net\/vi\/wp-json\/wp\/v2\/comments?post=8466"}],"wp:featuredmedia":[{"embeddable":true,"href":"https:\/\/puyapeptide.net\/vi\/wp-json\/wp\/v2\/media\/2136"}],"wp:attachment":[{"href":"https:\/\/puyapeptide.net\/vi\/wp-json\/wp\/v2\/media?parent=8466"}],"wp:term":[{"taxonomy":"product_brand","embeddable":true,"href":"https:\/\/puyapeptide.net\/vi\/wp-json\/wp\/v2\/product_brand?post=8466"},{"taxonomy":"product_cat","embeddable":true,"href":"https:\/\/puyapeptide.net\/vi\/wp-json\/wp\/v2\/product_cat?post=8466"},{"taxonomy":"product_tag","embeddable":true,"href":"https:\/\/puyapeptide.net\/vi\/wp-json\/wp\/v2\/product_tag?post=8466"}],"curies":[{"name":"wp","href":"https:\/\/api.w.org\/{rel}","templated":true}]}}