{"id":8493,"date":"2021-12-17T01:42:57","date_gmt":"2021-12-17T06:42:57","guid":{"rendered":"https:\/\/puyapeptide.net\/product\/puya-cung-cap-lypressin-chat-luong-cao-cas-50-57-7\/"},"modified":"2021-12-17T01:42:57","modified_gmt":"2021-12-17T06:42:57","slug":"puya-cung-cap-lypressin-chat-luong-cao-cas-50-57-7","status":"publish","type":"product","link":"https:\/\/puyapeptide.net\/vi\/product\/puya-cung-cap-lypressin-chat-luong-cao-cas-50-57-7\/","title":{"rendered":"Puya cung c\u1ea5p Lypressin ch\u1ea5t l\u01b0\u1ee3ng cao CAS 50-57-7"},"content":{"rendered":"<h2><strong>Puya cung c\u1ea5p Lypressin ch\u1ea5t l\u01b0\u1ee3ng cao CAS 50-57-7<\/strong><\/h2>\n<p> T\u00ean s\u1ea3n ph\u1ea9m: Lypressin<br \/>\n T\u1eeb \u0111\u1ed3ng ngh\u0129a: Lysipressin; LyspessinAcetate; (8-lysine) vasopressin; 8-l-lysine-vasopressi; CYFQNCPKG-NH2; LYSINE VASOPRESSIN; [LYS8] -VASOPRESSIN; &amp;&gt; CAS: 50-57-7<br \/>\n MF: C46H65N13O12S2<br \/>\n MW: 1056.22<br \/>\n EINECS: 200-050-5<br \/>\n Danh m\u1ee5c s\u1ea3n ph\u1ea9m: k\u00edch th\u00edch t\u1ed1; API kh\u00e1c; D\u1eabn xu\u1ea5t axit amin; Peptide<br \/>\n Mol T\u1ec7p: 50 -57-7.mol <\/p>\n<p> Lypressin l\u00e0 t\u1ed5ng h\u1ee3p 8-L-lysine vasopressin, m\u1ed9t polypeptide t\u01b0\u01a1ng t\u1ef1 nh\u01b0 ADH. Ch\u1ea5t t\u01b0\u01a1ng t\u1ef1 lysine \u0111\u01b0\u1ee3c \u0111\u00e1nh gi\u00e1 l\u00e0 \u1ed5n \u0111\u1ecbnh h\u01a1n, v\u00e0 n\u00f3 \u0111\u01b0\u1ee3c h\u1ea5p thu nhanh ch\u00f3ng t\u1eeb ni\u00eam m\u1ea1c m\u0169i. Lypressin (Diapid) d\u01b0\u1ee3c d\u1ee5ng \u1edf d\u1ea1ng dung d\u1ecbch b\u00f4i ngo\u00e0i da, d\u1ea1ng x\u1ecbt, 50 \u0111\u01a1n v\u1ecb l\u1ef1c \u00e9p (185 g) \/ mL trong c\u00e1c v\u1eadt ch\u1ee9a 5 mL. Li\u1ec1u l\u01b0\u1ee3ng th\u00f4ng th\u01b0\u1eddng, t\u1ea1i ch\u1ed7 (trong m\u0169i), m\u1ed9t ho\u1eb7c nhi\u1ec1u l\u1ea7n x\u1ecbt \u00e1p d\u1ee5ng cho m\u1ed9t ho\u1eb7c c\u1ea3 hai l\u1ed7 m\u0169i ho\u1eb7c nhi\u1ec1u l\u1ea7n m\u1ed7i ng\u00e0y. <\/p>\n<p> <strong>Lypressin CAS 50-57-7 T\u00ednh ch\u1ea5t h\u00f3a h\u1ecdc<\/strong><br \/>\n t\u1ef7 tr\u1ecdng 1.1080 (\u01b0\u1edbc t\u00ednh s\u01a1 b\u1ed9)<br \/>\n ch\u1ec9 s\u1ed1 kh\u00fac x\u1ea1 1.6700 (\u01b0\u1edbc t\u00ednh)<br \/>\n nhi\u1ec7t \u0111\u1ed9 l\u01b0u tr\u1eef. -20 \u00b0 C<br \/>\n InChIKey NKWAIKZITYLOMT-DHSVNZEYSA-N <\/p>\n<p> <strong>C\u00f4ng d\u1ee5ng c\u1ee7a Lypressin CAS 50-57-7<\/strong><br \/>\n Ch\u1ee9c n\u0103ng sinh l\u00fd ch\u00ednh c\u1ee7a vasopressin l\u00e0 \u0111i\u1ec1u ch\u1ec9nh th\u1ec3 t\u00edch d\u1ecbch ngo\u1ea1i b\u00e0o, th\u00fac \u0111\u1ea9y t\u00e1i h\u1ea5p thu n\u01b0\u1edbc qua \u1ed1ng th\u1eadn, l\u00e0m co m\u1ea1ch m\u00e1u v\u00e0 t\u0103ng huy\u1ebft \u00e1p. Vasopressin (lysphenol acetate) l\u00e0 m\u1ed9t d\u1eabn xu\u1ea5t t\u1ed5ng h\u1ee3p c\u1ee7a vasopressin. T\u00e1c d\u1ee5ng ch\u1ed1ng b\u00e0i ni\u1ec7u v\u00e0 co m\u1ea1ch c\u1ee7a n\u00f3 t\u01b0\u01a1ng \u0111\u1ed1i nh\u1eb9, v\u00e0 n\u00f3 c\u00f3 th\u1ec3 \u0111\u01b0\u1ee3c s\u1eed d\u1ee5ng nh\u01b0 m\u1ed9t ch\u1ea5t trung gian t\u1ed5ng h\u1ee3p d\u01b0\u1ee3c ph\u1ea9m.<\/p>\n","protected":false},"excerpt":{"rendered":"<p>T\u00ean s\u1ea3n ph\u1ea9m: Lypressin<br \/>\n CAS: 50-57-7<br \/>\n MF: C46H65N13O12S2<br \/>\n MW: 1056.22<br \/>\n EINECS: 200-050-5<br \/>\n Mol T\u1ec7p: 50-57-7.mol<\/p>\n","protected":false},"featured_media":2178,"comment_status":"open","ping_status":"closed","template":"","meta":{"om_disable_all_campaigns":false,"_monsterinsights_skip_tracking":false,"_monsterinsights_sitenote_active":false,"_monsterinsights_sitenote_note":"","_monsterinsights_sitenote_category":0,"site-sidebar-layout":"default","site-content-layout":"default","ast-site-content-layout":"default","site-content-style":"default","site-sidebar-style":"default","ast-global-header-display":"","ast-banner-title-visibility":"","ast-main-header-display":"","ast-hfb-above-header-display":"","ast-hfb-below-header-display":"","ast-hfb-mobile-header-display":"","site-post-title":"","ast-breadcrumbs-content":"","ast-featured-img":"","footer-sml-layout":"","ast-disable-related-posts":"","theme-transparent-header-meta":"default","adv-header-id-meta":"","stick-header-meta":"","header-above-stick-meta":"","header-main-stick-meta":"","header-below-stick-meta":"","astra-migrate-meta-layouts":"default","ast-page-background-enabled":"default","ast-page-background-meta":{"desktop":{"background-color":"","background-image":"","background-repeat":"repeat","background-position":"center center","background-size":"auto","background-attachment":"scroll","background-type":"","background-media":"","overlay-type":"","overlay-color":"","overlay-opacity":"","overlay-gradient":""},"tablet":{"background-color":"","background-image":"","background-repeat":"repeat","background-position":"center center","background-size":"auto","background-attachment":"scroll","background-type":"","background-media":"","overlay-type":"","overlay-color":"","overlay-opacity":"","overlay-gradient":""},"mobile":{"background-color":"","background-image":"","background-repeat":"repeat","background-position":"center center","background-size":"auto","background-attachment":"scroll","background-type":"","background-media":"","overlay-type":"","overlay-color":"","overlay-opacity":"","overlay-gradient":""}},"ast-content-background-meta":{"desktop":{"background-color":"var(--ast-global-color-5)","background-image":"","background-repeat":"repeat","background-position":"center center","background-size":"auto","background-attachment":"scroll","background-type":"","background-media":"","overlay-type":"","overlay-color":"","overlay-opacity":"","overlay-gradient":""},"tablet":{"background-color":"var(--ast-global-color-5)","background-image":"","background-repeat":"repeat","background-position":"center center","background-size":"auto","background-attachment":"scroll","background-type":"","background-media":"","overlay-type":"","overlay-color":"","overlay-opacity":"","overlay-gradient":""},"mobile":{"background-color":"var(--ast-global-color-5)","background-image":"","background-repeat":"repeat","background-position":"center center","background-size":"auto","background-attachment":"scroll","background-type":"","background-media":"","overlay-type":"","overlay-color":"","overlay-opacity":"","overlay-gradient":""}}},"product_brand":[],"product_cat":[418],"product_tag":[],"class_list":{"0":"post-8493","1":"product","2":"type-product","3":"status-publish","4":"has-post-thumbnail","6":"product_cat-peptide-trong-mau-va-mach-mau","7":"desktop-align-left","8":"tablet-align-left","9":"mobile-align-left","11":"first","12":"instock","13":"shipping-taxable","14":"product-type-simple"},"_links":{"self":[{"href":"https:\/\/puyapeptide.net\/vi\/wp-json\/wp\/v2\/product\/8493","targetHints":{"allow":["GET"]}}],"collection":[{"href":"https:\/\/puyapeptide.net\/vi\/wp-json\/wp\/v2\/product"}],"about":[{"href":"https:\/\/puyapeptide.net\/vi\/wp-json\/wp\/v2\/types\/product"}],"replies":[{"embeddable":true,"href":"https:\/\/puyapeptide.net\/vi\/wp-json\/wp\/v2\/comments?post=8493"}],"wp:featuredmedia":[{"embeddable":true,"href":"https:\/\/puyapeptide.net\/vi\/wp-json\/wp\/v2\/media\/2178"}],"wp:attachment":[{"href":"https:\/\/puyapeptide.net\/vi\/wp-json\/wp\/v2\/media?parent=8493"}],"wp:term":[{"taxonomy":"product_brand","embeddable":true,"href":"https:\/\/puyapeptide.net\/vi\/wp-json\/wp\/v2\/product_brand?post=8493"},{"taxonomy":"product_cat","embeddable":true,"href":"https:\/\/puyapeptide.net\/vi\/wp-json\/wp\/v2\/product_cat?post=8493"},{"taxonomy":"product_tag","embeddable":true,"href":"https:\/\/puyapeptide.net\/vi\/wp-json\/wp\/v2\/product_tag?post=8493"}],"curies":[{"name":"wp","href":"https:\/\/api.w.org\/{rel}","templated":true}]}}