{"id":8510,"date":"2021-12-17T01:44:15","date_gmt":"2021-12-17T06:44:15","guid":{"rendered":"https:\/\/puyapeptide.net\/product\/liraglutide-cas-204656-20-2-de-giam-can-va-dieu-tri-benh-tieu-duong-loai-2\/"},"modified":"2021-12-17T01:44:15","modified_gmt":"2021-12-17T06:44:15","slug":"liraglutide-cas-204656-20-2-de-giam-can-va-dieu-tri-benh-tieu-duong-loai-2","status":"publish","type":"product","link":"https:\/\/puyapeptide.net\/vi\/product\/liraglutide-cas-204656-20-2-de-giam-can-va-dieu-tri-benh-tieu-duong-loai-2\/","title":{"rendered":"Liraglutide CAS 204656-20-2 \u0111\u1ec3 gi\u1ea3m c\u00e2n v\u00e0 \u0111i\u1ec1u tr\u1ecb b\u1ec7nh ti\u1ec3u \u0111\u01b0\u1eddng lo\u1ea1i 2"},"content":{"rendered":"<h2><strong>Liraglutide CAS 204656-20-2 \u0111\u1ec3 gi\u1ea3m c\u00e2n v\u00e0 \u0111i\u1ec1u tr\u1ecb b\u1ec7nh ti\u1ec3u \u0111\u01b0\u1eddng lo\u1ea1i 2<\/strong><\/h2>\n<p> T\u00ean s\u1ea3n ph\u1ea9m: Liraglutide<br \/>\n T\u1eeb \u0111\u1ed3ng ngh\u0129a: Liraglutide; Glycine, L-histidyl-L-alanyl-L-alpha-glutamylglycyl-L-threonyl-L-phenylalanyl-L-threonyl-L-seryl-L-alpha- aspartyl-L-valyl-L-seryl-L-seryl-L-tyrosyl-L-leucyl-L-alpha-glutamylglycyl-L-glutaminyl-L-alanyl-L-alanyl-N6- (N- (1-oxohexadecyl) -L-gamma-glutamyl) -L-lysyl-L-alpha-glutamyl-L-phenylalanyl-L-isoleucyl-L-alanyl-L-tryptophyl-L-leucyl-L-valyl-L-arginylglycyl-L-arginyl- ; Liraglutida; Liraglutida [Inn-spanish]; Liraglutide [usan: inn]; Liraglutidum; Liraglutidum [inn-latin]; N26- (Hexadecanoyl-gamma-glutamyle) &#8211; (34-arginine) glp-1- (7-37) -peptide<br \/>\n CAS: 204656-20-2<br \/>\n MF: C172H265N43O51<br \/>\n MW: 3751.202<br \/>\n EINECS: 810-818-7<br \/>\n Danh m\u1ee5c s\u1ea3n ph\u1ea9m: GLP<br \/>\n Mol T\u1ec7p: 204656-20 -2.mol <\/p>\n<p> Liraglutide l\u00e0 m\u1ed9t dung d\u1ecbch trong su\u1ed1t, kh\u00f4ng m\u00e0u. D\u1ea1ng b\u00e0o ch\u1ebf l\u00e0 ti\u00eam d\u01b0\u1edbi da. Sau h\u01a1n 10 n\u0103m nghi\u00ean c\u1ee9u v\u00e0 ph\u00e1t tri\u1ec3n, Liraglutide c\u00f3 nhi\u1ec1u ch\u1ee9c n\u0103ng nh\u01b0 th\u00fac \u0111\u1ea9y qu\u00e1 tr\u00ecnh t\u00e1i t\u1ea1o t\u1ebf b\u00e0o ti\u1ec3u \u0111\u1ea3o, h\u1ea1 \u0111\u01b0\u1eddng huy\u1ebft, gi\u1ea3m c\u00e2n v\u00e0 b\u1ea3o v\u1ec7 h\u1ec7 tim m\u1ea1ch. T\u00ean th\u01b0\u01a1ng hi\u1ec7u Victoza \u0111\u01b0\u1ee3c s\u1eed d\u1ee5ng \u0111\u1ec3 \u0111i\u1ec1u tr\u1ecb b\u1ec7nh ti\u1ec3u \u0111\u01b0\u1eddng lo\u1ea1i 2, v\u00e0 t\u00ean th\u01b0\u01a1ng hi\u1ec7u Saxenda \u0111\u01b0\u1ee3c s\u1eed d\u1ee5ng \u0111\u1ec3 \u0111i\u1ec1u tr\u1ecb b\u1ec7nh b\u00e9o ph\u00ec m\u00e3n t\u00ednh. Nh\u01b0 m\u1ed9t b\u1ed5 sung \u0111\u1ec3 ki\u1ec3m so\u00e1t ch\u1ebf \u0111\u1ed9 \u0103n u\u1ed1ng v\u00e0 t\u1eadp th\u1ec3 d\u1ee5c. Liraglutide l\u00e0 m\u1ed9t ch\u1ea5t ch\u1ee7 v\u1eadn th\u1ee5 th\u1ec3 gi\u1ed1ng nh\u01b0 peptide-1 (GLP-1) c\u1ee7a ng\u01b0\u1eddi \u0111\u01b0\u1ee3c acyl h\u00f3a, c\u00f3 97% tr\u00ecnh t\u1ef1 axit amin t\u01b0\u01a1ng \u0111\u1ed3ng v\u1edbi GChemicalbookLP-1 (7-37) n\u1ed9i sinh c\u1ee7a con ng\u01b0\u1eddi, v\u00e0 gi\u1eef l\u1ea1i n\u00f3 c\u00f3 t\u1ea5t c\u1ea3 c\u00e1c ho\u1ea1t \u0111\u1ed9ng sinh h\u1ecdc c\u1ee7a GLP- 1 v\u00e0 c\u00f3 \u0111\u1ed3ng v\u1eadn th\u1ee5 th\u1ec3 GLP-1. Th\u00f4ng qua s\u1ef1 bi\u1ec3u hi\u1ec7n c\u1ee7a DNA t\u00e1i t\u1ed5 h\u1ee3p \u1edf Saccharomyces cerevisiae, c\u1ea5u tr\u00fac ph\u00e2n t\u1eed c\u1ee7a n\u00f3 ch\u1ec9 kh\u00e1c m\u1ed9t axit amin so v\u1edbi ph\u00e2n t\u1eed GLP-1 t\u1ef1 nhi\u00ean. C\u1ea5u tr\u00fac ch\u1ec9 s\u1eeda \u0111\u1ed5i hai ph\u1ea7n sau c\u1ee7a GLP-1: ngh\u0129a l\u00e0, lysine th\u1ee9 34 \u0111\u01b0\u1ee3c thay th\u1ebf b\u1eb1ng arginine. Thay th\u1ebf axit, ngo\u00e0i vi\u1ec7c b\u1ed5 sung chu\u1ed7i b\u00ean axit b\u00e9o 16 cacbon palmitoyl trung gian axit glutamic tr\u00ean lysine th\u1ee9 26. <\/p>\n<p> <strong>Ch\u1ee9c n\u0103ng c\u1ee7a Liraglutide CAS 204656-20-2<\/strong> <\/p>\n<p> 1. N\u00f3 ho\u1ea1t \u0111\u1ed9ng theo c\u00e1ch ph\u1ee5 thu\u1ed9c v\u00e0o glucose, ngh\u0129a l\u00e0 n\u00f3 s\u1ebd ch\u1ec9 k\u00edch th\u00edch b\u00e0i ti\u1ebft insuli n khi l\u01b0\u1ee3ng glucose trong m\u00e1u cao h\u01a1n b\u00ecnh th\u01b0\u1eddng, ng\u0103n ng\u1eeba t\u00ecnh tr\u1ea1ng &quot;&quot; qu\u00e1 \u0111\u00e0 &quot;&quot;. Do \u0111\u00f3, n\u00f3 cho th\u1ea5y nguy c\u01a1 h\u1ea1 \u0111\u01b0\u1eddng huy\u1ebft kh\u00f4ng \u0111\u00e1ng k\u1ec3.<br \/>\n 2. N\u00f3 c\u00f3 kh\u1ea3 n\u0103ng \u1ee9c ch\u1ebf qu\u00e1 tr\u00ecnh apoptosis v\u00e0 k\u00edch th\u00edch t\u00e1i t\u1ea1o t\u1ebf b\u00e0o beta (\u0111\u01b0\u1ee3c th\u1ea5y trong c\u00e1c nghi\u00ean c\u1ee9u tr\u00ean \u0111\u1ed9ng v\u1eadt).<br \/>\n 3. N\u00f3 l\u00e0m gi\u1ea3m s\u1ef1 th\u00e8m \u0103n v\u00e0 \u1ee9c ch\u1ebf s\u1ef1 t\u0103ng tr\u1ecdng c\u1ee7a c\u01a1 th\u1ec3, nh\u01b0 \u0111\u01b0\u1ee3c hi\u1ec3n th\u1ecb trong m\u1ed9t nghi\u00ean c\u1ee9u \u0111\u1ed1i \u0111\u1ea7u so v\u1edbi glimepiride.<br \/>\n 4. N\u00f3 l\u00e0m gi\u1ea3m m\u1ee9c ch\u1ea5t b\u00e9o trung t\u00ednh trong m\u00e1u. <\/p>\n<p> <strong>\u1ee8ng d\u1ee5ng c\u1ee7a Liraglutide CAS 204656-20-2<\/strong><br \/>\n 1.\u0110i\u1ec1u tr\u1ecb b\u1ec7nh ti\u1ec3u \u0111\u01b0\u1eddng lo\u1ea1i 2.<br \/>\n 2.\u0110i\u1ec1u tr\u1ecb b\u00e9o ph\u00ec.<\/p>\n","protected":false},"excerpt":{"rendered":"<p>T\u00ean s\u1ea3n ph\u1ea9m: Liraglutide<br \/>\n CAS: 204656-20-2<br \/>\n MF: C172H265N43O51<br \/>\n MW: 3751.202<br \/>\n EINECS: 810-818-7<br \/>\n Danh m\u1ee5c s\u1ea3n ph\u1ea9m: GLP<br \/>\n Mol File: 204656 -20-2.mol<\/p>\n","protected":false},"featured_media":2136,"comment_status":"open","ping_status":"closed","template":"","meta":{"om_disable_all_campaigns":false,"_monsterinsights_skip_tracking":false,"_monsterinsights_sitenote_active":false,"_monsterinsights_sitenote_note":"","_monsterinsights_sitenote_category":0,"site-sidebar-layout":"default","site-content-layout":"default","ast-site-content-layout":"default","site-content-style":"default","site-sidebar-style":"default","ast-global-header-display":"","ast-banner-title-visibility":"","ast-main-header-display":"","ast-hfb-above-header-display":"","ast-hfb-below-header-display":"","ast-hfb-mobile-header-display":"","site-post-title":"","ast-breadcrumbs-content":"","ast-featured-img":"","footer-sml-layout":"","ast-disable-related-posts":"","theme-transparent-header-meta":"default","adv-header-id-meta":"","stick-header-meta":"","header-above-stick-meta":"","header-main-stick-meta":"","header-below-stick-meta":"","astra-migrate-meta-layouts":"default","ast-page-background-enabled":"default","ast-page-background-meta":{"desktop":{"background-color":"","background-image":"","background-repeat":"repeat","background-position":"center center","background-size":"auto","background-attachment":"scroll","background-type":"","background-media":"","overlay-type":"","overlay-color":"","overlay-opacity":"","overlay-gradient":""},"tablet":{"background-color":"","background-image":"","background-repeat":"repeat","background-position":"center center","background-size":"auto","background-attachment":"scroll","background-type":"","background-media":"","overlay-type":"","overlay-color":"","overlay-opacity":"","overlay-gradient":""},"mobile":{"background-color":"","background-image":"","background-repeat":"repeat","background-position":"center center","background-size":"auto","background-attachment":"scroll","background-type":"","background-media":"","overlay-type":"","overlay-color":"","overlay-opacity":"","overlay-gradient":""}},"ast-content-background-meta":{"desktop":{"background-color":"var(--ast-global-color-5)","background-image":"","background-repeat":"repeat","background-position":"center center","background-size":"auto","background-attachment":"scroll","background-type":"","background-media":"","overlay-type":"","overlay-color":"","overlay-opacity":"","overlay-gradient":""},"tablet":{"background-color":"var(--ast-global-color-5)","background-image":"","background-repeat":"repeat","background-position":"center center","background-size":"auto","background-attachment":"scroll","background-type":"","background-media":"","overlay-type":"","overlay-color":"","overlay-opacity":"","overlay-gradient":""},"mobile":{"background-color":"var(--ast-global-color-5)","background-image":"","background-repeat":"repeat","background-position":"center center","background-size":"auto","background-attachment":"scroll","background-type":"","background-media":"","overlay-type":"","overlay-color":"","overlay-opacity":"","overlay-gradient":""}}},"product_brand":[],"product_cat":[352],"product_tag":[1207],"class_list":{"0":"post-8510","1":"product","2":"type-product","3":"status-publish","4":"has-post-thumbnail","6":"product_cat-peptide-tieu-duong","7":"product_tag-liraglutide-cas-204656-20-2-for-weight-loss-and-treat-for-type-2-diabetes-vi","8":"desktop-align-left","9":"tablet-align-left","10":"mobile-align-left","12":"first","13":"instock","14":"shipping-taxable","15":"product-type-simple"},"_links":{"self":[{"href":"https:\/\/puyapeptide.net\/vi\/wp-json\/wp\/v2\/product\/8510","targetHints":{"allow":["GET"]}}],"collection":[{"href":"https:\/\/puyapeptide.net\/vi\/wp-json\/wp\/v2\/product"}],"about":[{"href":"https:\/\/puyapeptide.net\/vi\/wp-json\/wp\/v2\/types\/product"}],"replies":[{"embeddable":true,"href":"https:\/\/puyapeptide.net\/vi\/wp-json\/wp\/v2\/comments?post=8510"}],"wp:featuredmedia":[{"embeddable":true,"href":"https:\/\/puyapeptide.net\/vi\/wp-json\/wp\/v2\/media\/2136"}],"wp:attachment":[{"href":"https:\/\/puyapeptide.net\/vi\/wp-json\/wp\/v2\/media?parent=8510"}],"wp:term":[{"taxonomy":"product_brand","embeddable":true,"href":"https:\/\/puyapeptide.net\/vi\/wp-json\/wp\/v2\/product_brand?post=8510"},{"taxonomy":"product_cat","embeddable":true,"href":"https:\/\/puyapeptide.net\/vi\/wp-json\/wp\/v2\/product_cat?post=8510"},{"taxonomy":"product_tag","embeddable":true,"href":"https:\/\/puyapeptide.net\/vi\/wp-json\/wp\/v2\/product_tag?post=8510"}],"curies":[{"name":"wp","href":"https:\/\/api.w.org\/{rel}","templated":true}]}}