{"id":8603,"date":"2021-12-17T01:49:36","date_gmt":"2021-12-17T06:49:36","guid":{"rendered":"https:\/\/puyapeptide.net\/product\/ban-nong-chong-ung-thu-peptide-lanreotide-cas-108736-35-2\/"},"modified":"2021-12-17T01:49:36","modified_gmt":"2021-12-17T06:49:36","slug":"ban-nong-chong-ung-thu-peptide-lanreotide-cas-108736-35-2","status":"publish","type":"product","link":"https:\/\/puyapeptide.net\/vi\/product\/ban-nong-chong-ung-thu-peptide-lanreotide-cas-108736-35-2\/","title":{"rendered":"B\u00e1n n\u00f3ng ch\u1ed1ng ung th\u01b0 Peptide Lanreotide CAS 108736-35-2"},"content":{"rendered":"<h2><strong>B\u00e1n n\u00f3ng ch\u1ed1ng ung th\u01b0 Peptide Lanreotide CAS 108736-35-2<\/strong><\/h2>\n<p> T\u00ean s\u1ea3n ph\u1ea9m: Lanreotide<br \/>\n T\u1eeb \u0111\u1ed3ng ngh\u0129a: LANREOTIDE; AUTOGEL; BETA- (2-NAPHTHYL) -D-ALA-CYS-TYR-D-TRP-LYS-VAL-CYS-THR AMIDE; BIM-23014; ANGIOPEPTIN ; HD-2-NAL-CYS-TYR-D-TRP-LYS-VAL-CYS-THR-NH2; HD-2-NAL-CYS-TYR-D-TRP-LYS-VAL-CYS-THR-NH2, ( DISULFIDE BOND); IPSTYL<br \/>\n CAS: 108736-35-2<br \/>\n MF: C54 H69 N11 O10 S2<br \/>\n MW: 1096.32<br \/>\n EINECS: 689-178-4<br \/>\n Danh m\u1ee5c s\u1ea3n ph\u1ea9m: k\u00edch th\u00edch t\u1ed1 &lt;&amp; &gt; Mol File: 108736-35-2.mol <\/p>\n<p> Lanreotide (INN) gi\u1ed1ng nh\u01b0 ch\u1ea5t \u1ee9c ch\u1ebf t\u0103ng tr\u01b0\u1edfng t\u1ef1 nhi\u00ean, lanreotide l\u00e0 ch\u1ea5t \u1ee9c ch\u1ebf peptide c\u1ee7a nhi\u1ec1u ch\u1ee9c n\u0103ng n\u1ed9i ti\u1ebft, th\u1ea7n kinh, ngo\u1ea1i ti\u1ebft v\u00e0 tuy\u1ebfn n\u1ed9i ti\u1ebft. Lanreotide ho\u1ea1t \u0111\u1ed9ng m\u1ea1nh h\u01a1n v\u00e0 c\u00f3 th\u1eddi gian t\u00e1c d\u1ee5ng l\u00e2u h\u01a1n c\u00e1c ch\u1ea5t \u1ee9c ch\u1ebf t\u0103ng tr\u01b0\u1edfng t\u1ef1 nhi\u00ean. T\u00e1c d\u1ee5ng \u1ee9c ch\u1ebf b\u00e0i ti\u1ebft hormone t\u0103ng tr\u01b0\u1edfng c\u1ee7a n\u00f3 c\u00f3 t\u00ednh ch\u1ecdn l\u1ecdc cao h\u01a1n \u0111\u00e1ng k\u1ec3 so v\u1edbi b\u00e0i ti\u1ebft insulin v\u00e0 v\u00e0o n\u0103m 2017, FDA \u0111\u00e3 ph\u00ea duy\u1ec7t lanreotide acetate \u0111\u1ec3 ti\u00eam \u0111\u1ec3 \u0111i\u1ec1u tr\u1ecb c\u00e1c kh\u1ed1i u th\u1ea7n kinh n\u1ed9i ti\u1ebft. <\/p>\n<p> Lanreotide (INN) l\u00e0 m\u1ed9t lo\u1ea1i thu\u1ed1c \u0111\u01b0\u1ee3c s\u1eed d\u1ee5ng trong qu\u1ea3n l\u00fd ch\u1ee9ng to c\u1ef1c v\u00e0 c\u00e1c tri\u1ec7u ch\u1ee9ng do kh\u1ed1i u th\u1ea7n kinh n\u1ed9i ti\u1ebft g\u00e2y ra, \u0111\u00e1ng ch\u00fa \u00fd nh\u1ea5t l\u00e0 h\u1ed9i ch\u1ee9ng carcinoid. <\/p>\n<p> Lanreotide \u0111\u01b0\u1ee3c s\u1eed d\u1ee5ng trong \u0111i\u1ec1u tr\u1ecb ch\u1ee9ng to c\u1ef1c do c\u1ea3 kh\u1ed1i u ti\u1ebft hormone t\u0103ng tr\u01b0\u1edfng tuy\u1ebfn y\u00ean v\u00e0 kh\u00f4ng tuy\u1ebfn y\u00ean v\u00e0 qu\u1ea3n l\u00fd c\u00e1c tri\u1ec7u ch\u1ee9ng g\u00e2y ra b\u1edfi c\u00e1c kh\u1ed1i u th\u1ea7n kinh n\u1ed9i ti\u1ebft, \u0111\u1eb7c bi\u1ec7t l\u00e0 c\u00e1c kh\u1ed1i u carcinoid v\u00e0 VIPomas. \u1ede Hoa K\u1ef3 v\u00e0 Canada, lanreotide ch\u1ec9 \u0111\u01b0\u1ee3c ch\u1ec9 \u0111\u1ecbnh \u0111\u1ec3 \u0111i\u1ec1u tr\u1ecb ch\u1ee9ng to c\u1ef1c. \u1ede V\u01b0\u01a1ng qu\u1ed1c Anh, n\u00f3 c\u0169ng \u0111\u01b0\u1ee3c ch\u1ec9 \u0111\u1ecbnh trong \u0111i\u1ec1u tr\u1ecb u tuy\u1ebfn gi\u00e1p, m\u1ed9t kh\u1ed1i u hi\u1ebfm g\u1eb7p c\u1ee7a tuy\u1ebfn y\u00ean ti\u1ebft ra TSH. <\/p>\n<p> Lanreotide c\u0169ng cho th\u1ea5y ho\u1ea1t \u0111\u1ed9ng ch\u1ed1ng l\u1ea1i c\u00e1c kh\u1ed1i u kh\u00f4ng ph\u1ea3i n\u1ed9i ti\u1ebft, v\u00e0 c\u00f9ng v\u1edbi c\u00e1c ch\u1ea5t t\u01b0\u01a1ng t\u1ef1 somatostatin kh\u00e1c , \u0111ang \u0111\u01b0\u1ee3c nghi\u00ean c\u1ee9u nh\u01b0 m\u1ed9t ch\u1ea5t ch\u1ed1ng kh\u1ed1i u c\u00f3 th\u1ec3 c\u00f3. <\/p>\n<p> <strong>Lanreotide CAS 108736-35-2 T\u00ednh ch\u1ea5t h\u00f3a h\u1ecdc<\/strong><br \/>\n \u0110i\u1ec3m s\u00f4i 1508,2 \u00b1 65,0 \u00b0 C (D\u1ef1 \u0111o\u00e1n)<br \/>\n m\u1eadt \u0111\u1ed9 1,40 \u00b1 0,1 g \/ cm3 ( D\u1ef1 \u0111o\u00e1n)<br \/>\n nhi\u1ec7t \u0111\u1ed9 l\u01b0u tr\u1eef. Gi\u1eef \u1edf n\u01a1i t\u1ed1i, \u0110\u1eady k\u00edn n\u01a1i kh\u00f4 r\u00e1o, B\u1ea3o qu\u1ea3n trong t\u1ee7 \u0111\u00f4ng, d\u01b0\u1edbi -20 \u00b0 C<br \/>\n pka 9,90 \u00b1 0,15 (D\u1ef1 \u0111o\u00e1n) <\/p>\n<p> <strong>Ch\u1ee9c n\u0103ng v\u00e0 \u1ee9ng d\u1ee5ng c\u1ee7a Lanreotide CAS 108736-35-2<\/strong><br \/>\n Lanreotide l\u00e0 \u0111\u01b0\u1ee3c s\u1eed d\u1ee5ng trong \u0111i\u1ec1u tr\u1ecb ch\u1ee9ng to c\u1ef1c do kh\u1ed1i u ti\u1ebft hormone t\u0103ng tr\u01b0\u1edfng c\u1ea3 tuy\u1ebfn y\u00ean v\u00e0 kh\u00f4ng tuy\u1ebfn y\u00ean, v\u00e0 ki\u1ec3m so\u00e1t c\u00e1c tri\u1ec7u ch\u1ee9ng do kh\u1ed1i u n\u1ed9i ti\u1ebft th\u1ea7n kinh, \u0111\u1eb7c bi\u1ec7t l\u00e0 kh\u1ed1i u carcinoid v\u00e0 VIPomas. \u1ede Hoa K\u1ef3 v\u00e0 Canada, lanreotide ch\u1ec9 \u0111\u01b0\u1ee3c ch\u1ec9 \u0111\u1ecbnh \u0111\u1ec3 \u0111i\u1ec1u tr\u1ecb ch\u1ee9ng to c\u1ef1c. \u1ede V\u01b0\u01a1ng qu\u1ed1c Anh, n\u00f3 c\u0169ng \u0111\u01b0\u1ee3c ch\u1ec9 \u0111\u1ecbnh trong \u0111i\u1ec1u tr\u1ecb u tuy\u1ebfn gi\u00e1p, m\u1ed9t kh\u1ed1i u hi\u1ebfm g\u1eb7p c\u1ee7a tuy\u1ebfn y\u00ean ti\u1ebft ra. <\/p>\n<p> Lanreotide c\u0169ng cho th\u1ea5y ho\u1ea1t \u0111\u1ed9ng ch\u1ed1ng l\u1ea1i c\u00e1c kh\u1ed1i u kh\u00f4ng ph\u1ea3i n\u1ed9i ti\u1ebft, v\u00e0 c\u00f9ng v\u1edbi c\u00e1c ch\u1ea5t t\u01b0\u01a1ng t\u1ef1 somatostatin kh\u00e1c, \u0111ang \u0111\u01b0\u1ee3c nghi\u00ean c\u1ee9u nh\u01b0 m\u1ed9t t\u00e1c nh\u00e2n ch\u1ed1ng kh\u1ed1i u t\u1ed5ng qu\u00e1t c\u00f3 th\u1ec3 c\u00f3. <\/p>\n<p> Lanreotide, V\u00e0o th\u00e1ng 12 n\u0103m 2014, FDA Hoa K\u1ef3 \u0111\u00e3 ph\u00ea duy\u1ec7t lanreotide \u0111\u1ec3 \u0111i\u1ec1u tr\u1ecb cho nh\u1eefng b\u1ec7nh nh\u00e2n c\u00f3 kh\u1ed1i u th\u1ea7n kinh n\u1ed9i ti\u1ebft d\u1ea1 d\u00e0y t\u1ee5y di c\u0103n ho\u1eb7c ti\u1ebfn tri\u1ec3n t\u1ea1i ch\u1ed7 ho\u1eb7c di c\u0103n kh\u00f4ng th\u1ec3 c\u1eaft b\u1ecf \u0111\u01b0\u1ee3c (GEP-NETs ).<\/p>\n","protected":false},"excerpt":{"rendered":"<p>T\u00ean s\u1ea3n ph\u1ea9m: Lanreotide<br \/>\n CAS: 108736-35-2<br \/>\n MF: C54 H69 N11 O10 S2<br \/>\n MW: 1096.32<br \/>\n EINECS: 689-178-4<br \/>\n Danh m\u1ee5c s\u1ea3n ph\u1ea9m: n\u1ed9i ti\u1ebft t\u1ed1<br \/>\n Mol T\u1ec7p: 108736-35-2.mol<\/p>\n","protected":false},"featured_media":2115,"comment_status":"open","ping_status":"closed","template":"","meta":{"om_disable_all_campaigns":false,"_monsterinsights_skip_tracking":false,"_monsterinsights_sitenote_active":false,"_monsterinsights_sitenote_note":"","_monsterinsights_sitenote_category":0,"site-sidebar-layout":"default","site-content-layout":"default","ast-site-content-layout":"default","site-content-style":"default","site-sidebar-style":"default","ast-global-header-display":"","ast-banner-title-visibility":"","ast-main-header-display":"","ast-hfb-above-header-display":"","ast-hfb-below-header-display":"","ast-hfb-mobile-header-display":"","site-post-title":"","ast-breadcrumbs-content":"","ast-featured-img":"","footer-sml-layout":"","ast-disable-related-posts":"","theme-transparent-header-meta":"default","adv-header-id-meta":"","stick-header-meta":"","header-above-stick-meta":"","header-main-stick-meta":"","header-below-stick-meta":"","astra-migrate-meta-layouts":"default","ast-page-background-enabled":"default","ast-page-background-meta":{"desktop":{"background-color":"","background-image":"","background-repeat":"repeat","background-position":"center center","background-size":"auto","background-attachment":"scroll","background-type":"","background-media":"","overlay-type":"","overlay-color":"","overlay-opacity":"","overlay-gradient":""},"tablet":{"background-color":"","background-image":"","background-repeat":"repeat","background-position":"center center","background-size":"auto","background-attachment":"scroll","background-type":"","background-media":"","overlay-type":"","overlay-color":"","overlay-opacity":"","overlay-gradient":""},"mobile":{"background-color":"","background-image":"","background-repeat":"repeat","background-position":"center center","background-size":"auto","background-attachment":"scroll","background-type":"","background-media":"","overlay-type":"","overlay-color":"","overlay-opacity":"","overlay-gradient":""}},"ast-content-background-meta":{"desktop":{"background-color":"var(--ast-global-color-5)","background-image":"","background-repeat":"repeat","background-position":"center center","background-size":"auto","background-attachment":"scroll","background-type":"","background-media":"","overlay-type":"","overlay-color":"","overlay-opacity":"","overlay-gradient":""},"tablet":{"background-color":"var(--ast-global-color-5)","background-image":"","background-repeat":"repeat","background-position":"center center","background-size":"auto","background-attachment":"scroll","background-type":"","background-media":"","overlay-type":"","overlay-color":"","overlay-opacity":"","overlay-gradient":""},"mobile":{"background-color":"var(--ast-global-color-5)","background-image":"","background-repeat":"repeat","background-position":"center center","background-size":"auto","background-attachment":"scroll","background-type":"","background-media":"","overlay-type":"","overlay-color":"","overlay-opacity":"","overlay-gradient":""}}},"product_brand":[],"product_cat":[389],"product_tag":[],"class_list":{"0":"post-8603","1":"product","2":"type-product","3":"status-publish","4":"has-post-thumbnail","6":"product_cat-peptide-chong-khoi-u","7":"desktop-align-left","8":"tablet-align-left","9":"mobile-align-left","11":"first","12":"instock","13":"shipping-taxable","14":"product-type-simple"},"_links":{"self":[{"href":"https:\/\/puyapeptide.net\/vi\/wp-json\/wp\/v2\/product\/8603","targetHints":{"allow":["GET"]}}],"collection":[{"href":"https:\/\/puyapeptide.net\/vi\/wp-json\/wp\/v2\/product"}],"about":[{"href":"https:\/\/puyapeptide.net\/vi\/wp-json\/wp\/v2\/types\/product"}],"replies":[{"embeddable":true,"href":"https:\/\/puyapeptide.net\/vi\/wp-json\/wp\/v2\/comments?post=8603"}],"wp:featuredmedia":[{"embeddable":true,"href":"https:\/\/puyapeptide.net\/vi\/wp-json\/wp\/v2\/media\/2115"}],"wp:attachment":[{"href":"https:\/\/puyapeptide.net\/vi\/wp-json\/wp\/v2\/media?parent=8603"}],"wp:term":[{"taxonomy":"product_brand","embeddable":true,"href":"https:\/\/puyapeptide.net\/vi\/wp-json\/wp\/v2\/product_brand?post=8603"},{"taxonomy":"product_cat","embeddable":true,"href":"https:\/\/puyapeptide.net\/vi\/wp-json\/wp\/v2\/product_cat?post=8603"},{"taxonomy":"product_tag","embeddable":true,"href":"https:\/\/puyapeptide.net\/vi\/wp-json\/wp\/v2\/product_tag?post=8603"}],"curies":[{"name":"wp","href":"https:\/\/api.w.org\/{rel}","templated":true}]}}