{"id":8624,"date":"2021-12-17T01:50:39","date_gmt":"2021-12-17T06:50:39","guid":{"rendered":"https:\/\/puyapeptide.net\/product\/icatibant-acetate-cas-30308-48-4-su-dung-de-dieu-tri-phu-mach-di-truyen\/"},"modified":"2021-12-17T01:50:39","modified_gmt":"2021-12-17T06:50:39","slug":"icatibant-acetate-cas-30308-48-4-su-dung-de-dieu-tri-phu-mach-di-truyen","status":"publish","type":"product","link":"https:\/\/puyapeptide.net\/vi\/product\/icatibant-acetate-cas-30308-48-4-su-dung-de-dieu-tri-phu-mach-di-truyen\/","title":{"rendered":"Icatibant Acetate CAS 30308-48-4 S\u1eed d\u1ee5ng \u0111\u1ec3 \u0111i\u1ec1u tr\u1ecb ph\u00f9 m\u1ea1ch di truy\u1ec1n"},"content":{"rendered":"<h2><strong>Icatibant Acetate CAS 30308-48-4 S\u1eed d\u1ee5ng \u0111\u1ec3 \u0111i\u1ec1u tr\u1ecb ph\u00f9 m\u1ea1ch di truy\u1ec1n<\/strong><\/h2>\n<p> T\u00ean s\u1ea3n ph\u1ea9m: Icatibant Acetate<br \/>\n T\u1eeb \u0111\u1ed3ng ngh\u0129a: Icatibant Acetate; Icatibant Impurity; Itibantide Acetate<br \/>\n CAS: 130308-48-4<br \/>\n Tr\u00ecnh t\u1ef1: HD-Arg-Arg-Pro-Hyp-Gly-Thi- Ser-D-Tic-Oic-Arg-OH<br \/>\n C\u00f4ng th\u1ee9c ph\u00e2n t\u1eed: C59H89N19O13S<br \/>\n Tr\u1ecdng l\u01b0\u1ee3ng ph\u00e2n t\u1eed: 1304,54 <\/p>\n<p> Eltebante, m\u1ed9t ch\u1ea5t \u0111\u1ed1i kh\u00e1ng c\u1ea1nh tranh ch\u1ecdn l\u1ecdc t\u1ea1i th\u1ee5 th\u1ec3 bradykinin lo\u1ea1i 2 (B2), l\u00e0 m\u1ed9t decapeptit c\u00f3 c\u1ea5u tr\u00fac gi\u1ed1ng bradykinin v\u1edbi 5 axit amin kh\u00f4ng c\u00f3 ngu\u1ed3n g\u1ed1c t\u1eeb protein. Eltebante \u0111\u00e3 \u0111\u01b0\u1ee3c ph\u00ea duy\u1ec7t \u0111\u1ec3 ti\u1ebfp th\u1ecb \u1edf EU s\u1edbm nh\u1ea5t l\u00e0 v\u00e0o ng\u00e0y 1 th\u00e1ng 11 n\u0103m 2010 \u0111\u1ec3 \u0111i\u1ec1u tr\u1ecb c\u00e1c c\u01a1n c\u1ea5p t\u00ednh c\u1ee7a b\u1ec7nh ph\u00f9 m\u1ea1ch di truy\u1ec1n (HAE). <\/p>\n<p> <strong>Ch\u1ee9c n\u0103ng v\u00e0 \u1ee9ng d\u1ee5ng c\u1ee7a Icatibant Acetate CAS 30308-48-4<\/strong><br \/>\n Eltebante acetate l\u00e0 m\u1ed9t ch\u1ea5t \u0111\u1ed1i kh\u00e1ng c\u1ea1nh tranh m\u1ea1nh v\u00e0 c\u00f3 ch\u1ecdn l\u1ecdc c\u1ee7a th\u1ee5 th\u1ec3 bradykinin lo\u1ea1i 2 (B2), \u0111i\u1ec1u tr\u1ecb s\u01b0ng c\u1ee5c b\u1ed9 c\u1ee7a thuy\u00ean t\u1eafc trong HAE c\u1ea5p t\u00ednh b\u1eb1ng c\u00e1ch \u1ee9c ch\u1ebf t\u00e1c \u0111\u1ed9ng c\u1ee7a bradykinin li\u00ean quan \u0111\u1ebfn c\u00e1c tri\u1ec7u ch\u1ee9ng s\u01b0ng, vi\u00eam v\u00e0 \u0111au t\u1ea1i ch\u1ed7 do t\u1eafc m\u1ea1ch c\u1ee7a HAE. HAE ch\u1ec9 l\u00e0 ch\u1ec9 \u0111\u1ecbnh \u0111\u1ea7u ti\u00ean trong s\u1ed1 m\u1ed9t s\u1ed1 ch\u1ec9 \u0111\u1ecbnh c\u00f3 th\u1ec3 \u0111\u01b0\u1ee3c \u0111i\u1ec1u tr\u1ecb b\u1eb1ng eltebante acetate; c\u00e1c d\u1ea5u hi\u1ec7u ti\u1ec1m \u1ea9n kh\u00e1c l\u00e0 hen suy\u1ec5n, x\u01a1 gan v\u00e0 c\u00e1c d\u1ea1ng ph\u00f9 m\u1ea1ch kh\u00e1c.<\/p>\n","protected":false},"excerpt":{"rendered":"<p>T\u00ean s\u1ea3n ph\u1ea9m: Icatibant Acetate<br \/>\n CAS: 130308-48-4<br \/>\n Tr\u00ecnh t\u1ef1: HD-Arg-Arg-Pro-Hyp-Gly-Thi-Ser-D-Tic-Oic-Arg-OH<br \/>\n C\u00f4ng th\u1ee9c ph\u00e2n t\u1eed : C59H89N19O13S<br \/>\n Kh\u1ed1i l\u01b0\u1ee3ng ph\u00e2n t\u1eed: 1304,54<\/p>\n","protected":false},"featured_media":2136,"comment_status":"open","ping_status":"closed","template":"","meta":{"om_disable_all_campaigns":false,"_monsterinsights_skip_tracking":false,"_monsterinsights_sitenote_active":false,"_monsterinsights_sitenote_note":"","_monsterinsights_sitenote_category":0,"site-sidebar-layout":"default","site-content-layout":"default","ast-site-content-layout":"default","site-content-style":"default","site-sidebar-style":"default","ast-global-header-display":"","ast-banner-title-visibility":"","ast-main-header-display":"","ast-hfb-above-header-display":"","ast-hfb-below-header-display":"","ast-hfb-mobile-header-display":"","site-post-title":"","ast-breadcrumbs-content":"","ast-featured-img":"","footer-sml-layout":"","ast-disable-related-posts":"","theme-transparent-header-meta":"default","adv-header-id-meta":"","stick-header-meta":"","header-above-stick-meta":"","header-main-stick-meta":"","header-below-stick-meta":"","astra-migrate-meta-layouts":"default","ast-page-background-enabled":"default","ast-page-background-meta":{"desktop":{"background-color":"","background-image":"","background-repeat":"repeat","background-position":"center center","background-size":"auto","background-attachment":"scroll","background-type":"","background-media":"","overlay-type":"","overlay-color":"","overlay-opacity":"","overlay-gradient":""},"tablet":{"background-color":"","background-image":"","background-repeat":"repeat","background-position":"center center","background-size":"auto","background-attachment":"scroll","background-type":"","background-media":"","overlay-type":"","overlay-color":"","overlay-opacity":"","overlay-gradient":""},"mobile":{"background-color":"","background-image":"","background-repeat":"repeat","background-position":"center center","background-size":"auto","background-attachment":"scroll","background-type":"","background-media":"","overlay-type":"","overlay-color":"","overlay-opacity":"","overlay-gradient":""}},"ast-content-background-meta":{"desktop":{"background-color":"var(--ast-global-color-5)","background-image":"","background-repeat":"repeat","background-position":"center center","background-size":"auto","background-attachment":"scroll","background-type":"","background-media":"","overlay-type":"","overlay-color":"","overlay-opacity":"","overlay-gradient":""},"tablet":{"background-color":"var(--ast-global-color-5)","background-image":"","background-repeat":"repeat","background-position":"center center","background-size":"auto","background-attachment":"scroll","background-type":"","background-media":"","overlay-type":"","overlay-color":"","overlay-opacity":"","overlay-gradient":""},"mobile":{"background-color":"var(--ast-global-color-5)","background-image":"","background-repeat":"repeat","background-position":"center center","background-size":"auto","background-attachment":"scroll","background-type":"","background-media":"","overlay-type":"","overlay-color":"","overlay-opacity":"","overlay-gradient":""}}},"product_brand":[],"product_cat":[418],"product_tag":[1118],"class_list":{"0":"post-8624","1":"product","2":"type-product","3":"status-publish","4":"has-post-thumbnail","6":"product_cat-peptide-trong-mau-va-mach-mau","7":"product_tag-icatibant-acetate-cas-30308-48-4-use-for-treat-hereditary-angioedema-vi","8":"desktop-align-left","9":"tablet-align-left","10":"mobile-align-left","12":"first","13":"instock","14":"shipping-taxable","15":"product-type-simple"},"_links":{"self":[{"href":"https:\/\/puyapeptide.net\/vi\/wp-json\/wp\/v2\/product\/8624","targetHints":{"allow":["GET"]}}],"collection":[{"href":"https:\/\/puyapeptide.net\/vi\/wp-json\/wp\/v2\/product"}],"about":[{"href":"https:\/\/puyapeptide.net\/vi\/wp-json\/wp\/v2\/types\/product"}],"replies":[{"embeddable":true,"href":"https:\/\/puyapeptide.net\/vi\/wp-json\/wp\/v2\/comments?post=8624"}],"wp:featuredmedia":[{"embeddable":true,"href":"https:\/\/puyapeptide.net\/vi\/wp-json\/wp\/v2\/media\/2136"}],"wp:attachment":[{"href":"https:\/\/puyapeptide.net\/vi\/wp-json\/wp\/v2\/media?parent=8624"}],"wp:term":[{"taxonomy":"product_brand","embeddable":true,"href":"https:\/\/puyapeptide.net\/vi\/wp-json\/wp\/v2\/product_brand?post=8624"},{"taxonomy":"product_cat","embeddable":true,"href":"https:\/\/puyapeptide.net\/vi\/wp-json\/wp\/v2\/product_cat?post=8624"},{"taxonomy":"product_tag","embeddable":true,"href":"https:\/\/puyapeptide.net\/vi\/wp-json\/wp\/v2\/product_tag?post=8624"}],"curies":[{"name":"wp","href":"https:\/\/api.w.org\/{rel}","templated":true}]}}