{"id":8655,"date":"2021-12-17T01:51:54","date_gmt":"2021-12-17T06:51:54","guid":{"rendered":"https:\/\/puyapeptide.net\/product\/glucagon-cas-16941-32-5-thuc-day-qua-trinh-phan-giai-duong-phan-va-san-xuat-glucose-de-tang-luong-duong-trong-mau\/"},"modified":"2021-12-17T01:51:54","modified_gmt":"2021-12-17T06:51:54","slug":"glucagon-cas-16941-32-5-thuc-day-qua-trinh-phan-giai-duong-phan-va-san-xuat-glucose-de-tang-luong-duong-trong-mau","status":"publish","type":"product","link":"https:\/\/puyapeptide.net\/vi\/product\/glucagon-cas-16941-32-5-thuc-day-qua-trinh-phan-giai-duong-phan-va-san-xuat-glucose-de-tang-luong-duong-trong-mau\/","title":{"rendered":"Glucagon CAS 16941-32-5 Th\u00fac \u0111\u1ea9y qu\u00e1 tr\u00ecnh ph\u00e2n gi\u1ea3i \u0111\u01b0\u1eddng ph\u00e2n v\u00e0 s\u1ea3n xu\u1ea5t glucose \u0111\u1ec3 t\u0103ng l\u01b0\u1ee3ng \u0111\u01b0\u1eddng trong m\u00e1u"},"content":{"rendered":"<h2><strong>Glucagon CAS 16941-32-5 Th\u00fac \u0111\u1ea9y qu\u00e1 tr\u00ecnh ph\u00e2n gi\u1ea3i \u0111\u01b0\u1eddng ph\u00e2n v\u00e0 s\u1ea3n xu\u1ea5t glucose \u0111\u1ec3 t\u0103ng l\u01b0\u1ee3ng \u0111\u01b0\u1eddng trong m\u00e1u<\/strong><\/h2>\n<p> T\u00ean s\u1ea3n ph\u1ea9m: Glucagon<br \/>\n T\u1eeb \u0111\u1ed3ng ngh\u0129a: GLUCAGON 1-37; GLUCAGON (1-37) (PORCINE); GLUCAGON 37; GLUCAGON ACETATE; HSQGTFTSDYSKYLDSRRAQDFVQWLMNTKRNKNNIA; H-HIS-PHE-SER-GLN-GLY-THR -SER-ASP-TYR-SER-LYS-TYR-LEU-ASP-SER-ARG-ARG-ALA-GLN-ASP-PHE-VAL-GLN-TRP-LEU-MET-ASN-THR-LYS-ARG-ASN -LYS-ASN-ASN-ILE-ALA-OH; Glucagon 1-29; Glucagon (1-29) HCl nh\u00e2n<br \/>\n CAS: 16941-32-5<br \/>\n MF: C153H225N43O49S<br \/>\n MW: 3482,75 &lt;&amp; &gt; EINECS: 685-611-6<br \/>\n Danh m\u1ee5c s\u1ea3n ph\u1ea9m: D\u1eabn xu\u1ea5t axit amin; Peptide; Sinh h\u1ecdc t\u1ebf b\u00e0o g\u1ed1c GlucagonIslet; Ph\u00e2n bi\u1ec7t t\u1ebf b\u00e0o g\u1ed1c \u0111\u1ea3o; N\u1ed9i ti\u1ebft t\u1ed1; Hormone protein \/ Peptide kh\u00e1c; Glucagon v\u00e0 Peptide gi\u1ed1ng glucagonPeptides cho sinh h\u1ecdc t\u1ebf b\u00e0o; GlucagonsIslet Stem Sinh h\u1ecdc t\u1ebf b\u00e0o; Y\u1ebfu t\u1ed1 t\u0103ng tr\u01b0\u1edfng t\u1ebf b\u00e0o v\u00e0 n\u1ed9i ti\u1ebft t\u1ed1 (B\u00e9o ph\u00ec); Peptide \u0111\u01b0\u1eddng ti\u00eau h\u00f3a; Nghi\u00ean c\u1ee9u glucagonObesity; API; Nghi\u00ean c\u1ee9u b\u1ec7nh ti\u1ec3u \u0111\u01b0\u1eddng<br \/>\n Mol File: 16941-32-5.mol <\/p>\n<p> Glucagon, c\u00f2n \u0111\u01b0\u1ee3c g\u1ecdi l\u00e0 glucagon, l\u00e0 m\u1ed9t hoocm\u00f4n polypeptit m\u1ea1ch th\u1eb3ng do t\u1ebf b\u00e0o \u03b1 \u0111\u1ea3o t\u1ee5y ti\u1ebft ra, ch\u1ee9a 29 axit amin, c\u00f3 c\u00f4ng th\u1ee9c ph\u00e2n t\u1eed v\u00e0 ph\u00e2n t\u1eed t\u01b0\u01a1ng \u0111\u1ed1i kh\u1ed1i l\u01b0\u1ee3ng c\u1ee7a C153H225N43O49S = 3482,8. Trung Qu\u1ed1c \u0111\u00e3 t\u1ed5ng h\u1ee3p ra lo\u1ea1i hormone n\u00e0y. N\u00f3 l\u00e0 m\u1ed9t lo\u1ea1i b\u1ed9t tinh th\u1ec3 m\u1ecbn m\u00e0u tr\u1eafng, kh\u00f4ng m\u00f9i v\u00e0 kh\u00f4ng v\u1ecb \u1edf nhi\u1ec7t \u0111\u1ed9 ph\u00f2ng. Glucagon g\u1ea7n nh\u01b0 kh\u00f4ng h\u00f2a tan trong n\u01b0\u1edbc v\u00e0 h\u1ea7u h\u1ebft c\u00e1c dung m\u00f4i h\u1eefu c\u01a1, trong khi n\u00f3 h\u00f2a tan trong axit lo\u00e3ng v\u00e0 dung d\u1ecbch ki\u1ec1m lo\u00e3ng. H\u1ea7u h\u1ebft qu\u00e1 tr\u00ecnh chu\u1ea9n b\u1ecb l\u00e0 hydroclorua \u0111\u01b0\u1ee3c h\u00f2a tan trong n\u01b0\u1edbc. Ng\u01b0\u1eddi ta bi\u1ebft r\u1eb1ng glucagon ph\u1ea3i gi\u1eef \u0111\u01b0\u1ee3c t\u00ednh to\u00e0n v\u1eb9n ph\u00e2n t\u1eed \u0111\u1ec3 c\u00f3 th\u1ec3 ph\u00e1t huy \u0111\u01b0\u1ee3c ho\u1ea1t t\u00ednh sinh l\u00fd c\u1ee7a n\u00f3. C\u1ea5u tr\u00fac glucagon c\u1ee7a ng\u01b0\u1eddi v\u00e0 \u0111\u1ed9ng v\u1eadt c\u00f3 v\u00fa (th\u1ecf, b\u00f2, l\u1ee3n, chu\u1ed9t, v.v.) c\u00f3 th\u1ec3 nh\u1ea5t qu\u00e1n, trong khi c\u00e1c lo\u00e0i chim h\u01a1i kh\u00e1c nhau. <\/p>\n<p> Glucagon l\u00e0 m\u1ed9t polypeptit bao g\u1ed3m 29 axit amin v\u00e0 \u0111\u01b0\u1ee3c ti\u1ebft ra b\u1edfi c\u00e1c t\u1ebf b\u00e0o alpha. c\u1ee7a c\u00e1c \u0111\u1ea3o nh\u1ecf c\u1ee7a tuy\u1ebfn t\u1ee5y. Glucagon \u0111\u01b0\u1ee3c s\u1ea3n xu\u1ea5t t\u1eeb gen pro-glucagon, ban \u0111\u1ea7u l\u00e0 ti\u1ec1n th\u00e2n c\u1ee7a pro-glucagon, \u0111\u01b0\u1ee3c x\u1eed l\u00fd theo m\u00f4 c\u1ee5 th\u1ec3 trong t\u1ebf b\u00e0o alpha tuy\u1ebfn t\u1ee5y \u0111\u1ec3 t\u1ea1o th\u00e0nh glucagon v\u00e0 trong t\u1ebf b\u00e0o ru\u1ed9t \u0111\u1ec3 t\u1ea1o th\u00e0nh GLP-1 v\u00e0 GLP-2.<br \/>\n &lt;&amp; \u25ba Ng\u01b0\u1eddi ta th\u01b0\u1eddng ch\u1ea5p nh\u1eadn r\u1eb1ng insulin v\u00e0 glucagon l\u00e0 nh\u1eefng hormone ch\u00ednh li\u00ean quan \u0111\u1ebfn sinh l\u00fd b\u1ec7nh c\u1ee7a b\u1ec7nh ti\u1ec3u \u0111\u01b0\u1eddng, nh\u01b0ng vai tr\u00f2 c\u1ee7a glucagon trong b\u1ec7nh ti\u1ec3u \u0111\u01b0\u1eddng r\u1ea5t ph\u1ee9c t\u1ea1p v\u00e0 g\u00e2y tranh c\u00e3i trong m\u1ed9t s\u1ed1 tr\u01b0\u1eddng h\u1ee3p. Vai tr\u00f2 c\u1ee7a glucagon trong c\u00e1c thu\u1ed1c h\u1ea1 \u0111\u01b0\u1eddng huy\u1ebft \u0111ang \u0111\u01b0\u1ee3c s\u1eed d\u1ee5ng ng\u00e0y c\u00e0ng nh\u1eadn \u0111\u01b0\u1ee3c s\u1ef1 ch\u00fa \u00fd v\u00e0 s\u1ef1 ph\u00e1t tri\u1ec3n li\u00ean t\u1ee5c c\u1ee7a li\u1ec7u ph\u00e1p nh\u1eafm m\u1ee5c ti\u00eau glucagon l\u00e0m n\u1ed5i b\u1eadt \u0111\u00f3ng g\u00f3p quan tr\u1ecdng c\u1ee7a glucagon trong vi\u1ec7c t\u1ed1i \u01b0u h\u00f3a vi\u1ec7c qu\u1ea3n l\u00fd b\u1ec7nh ti\u1ec3u \u0111\u01b0\u1eddng. <\/p>\n<p> Glucagon l\u00e0 m\u1ed9t lo\u1ea1i hormone ch\u1ed1ng \u0111i\u1ec1u h\u00f2a k\u00edch th\u00edch glucose \u1edf gan s\u1ea3n xu\u1ea5t \u0111\u1ec3 tr\u00e1nh h\u1ea1 \u0111\u01b0\u1eddng huy\u1ebft. C\u00e1c th\u1ee5 th\u1ec3 glucagon n\u1eb1m tr\u00ean t\u1ebf b\u00e0o gan, v\u00e0 c\u00e1c v\u1ecb tr\u00ed g\u1eafn k\u1ebft glucagon c\u0169ng \u0111\u00e3 \u0111\u01b0\u1ee3c x\u00e1c \u0111\u1ecbnh \u1edf th\u1eadn, tim, \u0111\u01b0\u1eddng ti\u00eau h\u00f3a, m\u00f4 m\u1ee1, n\u00e3o v\u00e0 l\u00e1 l\u00e1ch. D\u1ef1a tr\u00ean c\u00e1c nghi\u00ean c\u1ee9u tr\u00ean ch\u00f3, kho\u1ea3ng 17% glucagon b\u1ecb ph\u00e2n hu\u1ef7 \u1edf th\u1eadn v\u00e0 20% \u0111\u1ebfn 25% b\u1ecb ph\u00e2n hu\u1ef7 \u1edf gan. S\u1ef1 gi\u1ea3i ph\u00f3ng glucagon \u0111\u1ec3 \u0111\u00e1p \u1ee9ng v\u1edbi h\u1ea1 \u0111\u01b0\u1eddng huy\u1ebft \u0111\u00e3 \u0111\u01b0\u1ee3c thi\u1ebft l\u1eadp t\u1ed1t v\u00e0 \u0111\u01b0\u1ee3c th\u1ef1c hi\u1ec7n th\u00f4ng qua c\u00e1c c\u01a1 ch\u1ebf t\u1ef1 tr\u1ecb, n\u1ed9i ti\u1ebft v\u00e0 n\u1ed9i ti\u1ebft v\u00e0 c\u0169ng c\u00f3 th\u1ec3 th\u00f4ng qua c\u1ea3m nh\u1eadn tr\u1ef1c ti\u1ebfp m\u1ee9c \u0111\u01b0\u1eddng huy\u1ebft b\u1edfi c\u00e1c t\u1ebf b\u00e0o alpha. C\u01a1 ch\u1ebf ph\u00e2n t\u1eed ch\u00ednh x\u00e1c m\u00e0 t\u1ebf b\u00e0o ti\u1ebft ra glucagon v\u1eabn ch\u01b0a \u0111\u01b0\u1ee3c hi\u1ec3u \u0111\u1ea7y \u0111\u1ee7, nh\u01b0ng li\u00ean quan \u0111\u1ebfn k\u00eanh kali adenosine triphosphat (KATP) v\u00e0 k\u00eanh canxi. <\/p>\n<p> Trong sinh l\u00fd b\u00ecnh th\u01b0\u1eddng, s\u1ef1 b\u00e0i ti\u1ebft glucagon trong qu\u00e1 tr\u00ecnh t\u0103ng \u0111\u01b0\u1eddng huy\u1ebft b\u1ecb \u1ee9c ch\u1ebf b\u1edfi c\u00e1c s\u1ea3n ph\u1ea9m b\u00e0i ti\u1ebft c\u1ee7a t\u1ebf b\u00e0o l\u00e0 insulin, k\u1ebdm v\u00e0 axit gamma-aminobutyric (GABA), \u0111\u01b0\u1ee3c gi\u1ea3i ph\u00f3ng trong b\u1eefa \u0103n v\u00e0 l\u00e0m t\u0103ng l\u01b0\u1ee3ng \u0111\u01b0\u1eddng trong m\u00e1u. Khi l\u01b0\u1ee3ng \u0111\u01b0\u1eddng trong m\u00e1u gi\u1ea3m, t\u1ebf b\u00e0o beta gi\u1ea3m s\u1ea3n xu\u1ea5t c\u00e1c s\u1ea3n ph\u1ea9m n\u00e0y, do \u0111\u00f3 lo\u1ea1i b\u1ecf t\u00e1c d\u1ee5ng \u1ee9c ch\u1ebf c\u1ee7a ch\u00fang \u0111\u1ed1i v\u1edbi t\u1ebf b\u00e0o alpha. C\u01a1 ch\u1ebf n\u00e0y, \u0111\u01b0\u1ee3c g\u1ecdi l\u00e0 gi\u1ea3 thuy\u1ebft &quot;t\u1eaft m\u00e1y&quot;, cu\u1ed1i c\u00f9ng d\u1eabn \u0111\u1ebfn s\u1ef1 gia t\u0103ng b\u00e0i ti\u1ebft glucagon khi l\u01b0\u1ee3ng glucose trong m\u00e1u qu\u00e1 th\u1ea5p. Hormone \u1ee9c ch\u1ebf t\u0103ng tr\u01b0\u1edfng, \u0111\u01b0\u1ee3c s\u1ea3n xu\u1ea5t b\u1edfi t\u1ebf b\u00e0o \u03b4 v\u00e0 GLP-1 trong c\u00e1c \u0111\u1ea3o nh\u1ecf, c\u0169ng \u1ee9c ch\u1ebf b\u00e0i ti\u1ebft glucagon. <\/p>\n<p> \u1ede c\u1ea3 b\u1ec7nh \u0111\u00e1i th\u00e1o \u0111\u01b0\u1eddng t\u00fdp 1 (T1DM) v\u00e0 \u0111\u00e1i th\u00e1o \u0111\u01b0\u1eddng t\u00fdp 2 (T2DM), n\u1ed3ng \u0111\u1ed9 glucagon trong huy\u1ebft t\u01b0\u01a1ng qu\u00e1 cao. Glucagon, m\u1ed9t lo\u1ea1i hormone \u0111i\u1ec1u h\u00f2a, th\u00fac \u0111\u1ea9y s\u1ea3n xu\u1ea5t glucose \u1edf gan, ng\u0103n ng\u1eeba h\u1ea1 \u0111\u01b0\u1eddng huy\u1ebft trong \u0111i\u1ec1u ki\u1ec7n sinh l\u00fd b\u00ecnh th\u01b0\u1eddng. \u1ede b\u1ec7nh nh\u00e2n ti\u1ec3u \u0111\u01b0\u1eddng, s\u1ef1 b\u00e0i ti\u1ebft glucagon c\u00f3 th\u1ec3 kh\u00f4ng \u0111\u01b0\u1ee3c ki\u1ec3m so\u00e1t, d\u1eabn \u0111\u1ebfn c\u00e1c v\u1ea5n \u0111\u1ec1 v\u1ec1 c\u00e2n b\u1eb1ng n\u1ed9i m\u00f4i glucose. M\u1ed9t s\u1ed1 ph\u01b0\u01a1ng ph\u00e1p \u0111i\u1ec1u tr\u1ecb b\u1ec7nh ti\u1ec3u \u0111\u01b0\u1eddng c\u00f3 hi\u1ec7u qu\u1ea3 b\u1eb1ng c\u00e1ch \u1ee9c ch\u1ebf b\u00e0i ti\u1ebft ho\u1eb7c ho\u1ea1t \u0111\u1ed9ng c\u1ee7a glucagon, c\u0169ng nh\u01b0 li\u1ec7u ph\u00e1p nh\u1eafm m\u1ee5c ti\u00eau c\u1ee5 th\u1ec3 glucagon. <\/p>\n<p> <strong>Glucagon CAS 16941-32-5 T\u00ednh ch\u1ea5t h\u00f3a h\u1ecdc<\/strong><br \/>\n m\u1eadt \u0111\u1ed9 1,53 \u00b1 0,1 g \/ cm3 ( D\u1ef1 \u0111o\u00e1n)<br \/>\n nhi\u1ec7t \u0111\u1ed9 l\u01b0u tr\u1eef. \u0110\u1ec3 n\u01a1i t\u1ed1i, N\u01a1i kh\u00f4 r\u00e1o, \u0111\u1ed9 h\u00f2a tan 2-8 \u00b0 C<br \/>\n Th\u1ef1c t\u1ebf kh\u00f4ng h\u00f2a tan trong n\u01b0\u1edbc v\u00e0 trong h\u1ea7u h\u1ebft c\u00e1c dung m\u00f4i h\u1eefu c\u01a1. N\u00f3 c\u00f3 th\u1ec3 h\u00f2a tan trong axit kho\u00e1ng lo\u00e3ng v\u00e0 trong dung d\u1ecbch lo\u00e3ng c\u1ee7a hydroxit ki\u1ec1m.<br \/>\n D\u1ea1ng b\u1ed9t <\/p>\n<p> <strong>Ch\u1ee9c n\u0103ng v\u00e0 \u1ee9ng d\u1ee5ng c\u1ee7a Glucagon CAS 16941-32-5<\/strong><br \/>\n 1 \u3001 T\u0103ng hi\u1ec7u qu\u1ea3 \u0111\u01b0\u1eddng huy\u1ebft: N\u00f3 c\u00f3 th\u1ec3 k\u00edch ho\u1ea1t phosphorylase gan, th\u00fac \u0111\u1ea9y qu\u00e1 tr\u00ecnh ph\u00e2n h\u1ee7y glycogen \u1edf gan v\u00e0 qu\u00e1 tr\u00ecnh \u0111\u1ed3ng t\u1ea1o glycogen, \u0111\u1ed3ng th\u1eddi n\u00e2ng cao l\u01b0\u1ee3ng glucose trong m\u00e1u.<br \/>\n 2 \u3001 T\u00e1c d\u1ee5ng co b\u00f3p t\u00edch c\u1ef1c: N\u00f3 c\u00f3 th\u1ec3 l\u00e0m t\u0103ng h\u00e0m l\u01b0\u1ee3ng cAMP n\u1ed9i b\u00e0o, t\u0103ng c\u01b0\u1eddng s\u1ee9c co b\u00f3p c\u01a1 tim, t\u0103ng cung l\u01b0\u1ee3ng tim v\u00e0 ho\u1ea1t \u0111\u1ed9ng theo nh\u1ecbp. T\u00e1c d\u1ee5ng co b\u00f3p t\u00edch c\u1ef1c c\u1ee7a n\u00f3 v\u1eabn c\u00f3 th\u1ec3 \u0111\u01b0\u1ee3c ph\u00e1t huy sau khi s\u1eed d\u1ee5ng \u0111\u1ee7 l\u01b0\u1ee3ng glycoside tim v\u00e0 n\u00f3 kh\u00f4ng b\u1ecb ch\u1eb7n b\u1edfi propranolol. M\u1eb7c d\u00f9 n\u00f3 c\u00f3 th\u1ec3 l\u00e0m t\u0103ng nh\u1ecbp tim v\u00e0 huy\u1ebft \u00e1p, nh\u01b0ng n\u00f3 kh\u00f4ng g\u00e2y r\u1ed1i lo\u1ea1n nh\u1ecbp tim. C\u00e1c c\u01a1 ch\u1ebf l\u00e0: (1) k\u00edch ho\u1ea1t adenylate cyclase \u0111\u1ec3 chuy\u1ec3n adenosine triphosphate th\u00e0nh adenosine monophosphate \u0111\u01b0\u1ee3c chu k\u1ef3 h\u00f3a, l\u00e0m t\u0103ng s\u1ee9c co b\u00f3p c\u1ee7a c\u01a1 tim; (2) th\u00fac \u0111\u1ea9y qu\u00e1 tr\u00ecnh ph\u00e2n gi\u1ea3i glycogenoge \u1edf gan v\u00e0 t\u0103ng m\u1ee9c \u0111\u01b0\u1eddng huy\u1ebft; (3) th\u00fac \u0111\u1ea9y qu\u00e1 tr\u00ecnh gi\u1ea3i ph\u00f3ng insulin. K\u1ebft h\u1ee3p v\u1edbi glycoside tim gi\u1ed1ng digitalis, n\u00f3 c\u00f3 th\u1ec3 l\u00e0m t\u0103ng hi\u1ec7u qu\u1ea3.<br \/>\n 3. T\u00e1c d\u1ee5ng \u0111\u1ed1i v\u1edbi th\u1eadn: l\u00e0m gi\u00e3n m\u1ea1ch m\u00e1u th\u1eadn, c\u1ea3i thi\u1ec7n l\u01b0u l\u01b0\u1ee3ng m\u00e1u \u0111\u1ebfn th\u1eadn v\u00e0 th\u00fac \u0111\u1ea9y b\u00e0i ti\u1ebft natri, kali v\u00e0 canxi.<br \/>\n 4. T\u00e1c d\u1ee5ng \u0111\u1ed1i v\u1edbi h\u1ec7 ti\u00eau h\u00f3a: c\u00f3 th\u1ec3 g\u00e2y gi\u00e3n c\u01a1 tr\u01a1n c\u1ee7a d\u1ea1 d\u00e0y v\u00e0 t\u00e1 tr\u00e0ng, ru\u1ed9t non v\u00e0 ru\u1ed9t k\u1ebft, \u1ee9c ch\u1ebf nhu \u0111\u1ed9ng c\u1ee7a d\u1ea1 d\u00e0y, ru\u1ed9t non v\u00e0 ru\u1ed9t k\u1ebft, t\u0103ng ti\u1ebft m\u1eadt v\u00e0 d\u1ecbch ru\u1ed9t.<br \/>\n 5. T\u00e1c d\u1ee5ng tr\u00ean h\u1ec7 th\u1ed1ng b\u00e0i ti\u1ebft: k\u00edch th\u00edch t\u1ee7y th\u01b0\u1ee3ng th\u1eadn, th\u00fac \u0111\u1ea9y s\u1ef1 gi\u1ea3i ph\u00f3ng catecholamine. N\u00f3 c\u0169ng c\u00f3 th\u1ec3 th\u00fac \u0111\u1ea9y vi\u1ec7c ti\u1ebft insulin, hormone tuy\u1ebfn gi\u00e1p, calcitonin v\u00e0 hormone t\u0103ng tr\u01b0\u1edfng.<\/p>\n","protected":false},"excerpt":{"rendered":"<p>T\u00ean s\u1ea3n ph\u1ea9m: Glucagon<br \/>\n CAS: 16941-32-5<br \/>\n MF: C153H225N43O49S<br \/>\n MW: 3482.75<br \/>\n EINECS: 685-611-6<br \/>\n Mol T\u1ec7p: 16941-32-5.mol<\/p>\n","protected":false},"featured_media":2136,"comment_status":"open","ping_status":"closed","template":"","meta":{"om_disable_all_campaigns":false,"_monsterinsights_skip_tracking":false,"_monsterinsights_sitenote_active":false,"_monsterinsights_sitenote_note":"","_monsterinsights_sitenote_category":0,"site-sidebar-layout":"default","site-content-layout":"default","ast-site-content-layout":"default","site-content-style":"default","site-sidebar-style":"default","ast-global-header-display":"","ast-banner-title-visibility":"","ast-main-header-display":"","ast-hfb-above-header-display":"","ast-hfb-below-header-display":"","ast-hfb-mobile-header-display":"","site-post-title":"","ast-breadcrumbs-content":"","ast-featured-img":"","footer-sml-layout":"","ast-disable-related-posts":"","theme-transparent-header-meta":"default","adv-header-id-meta":"","stick-header-meta":"","header-above-stick-meta":"","header-main-stick-meta":"","header-below-stick-meta":"","astra-migrate-meta-layouts":"default","ast-page-background-enabled":"default","ast-page-background-meta":{"desktop":{"background-color":"","background-image":"","background-repeat":"repeat","background-position":"center center","background-size":"auto","background-attachment":"scroll","background-type":"","background-media":"","overlay-type":"","overlay-color":"","overlay-opacity":"","overlay-gradient":""},"tablet":{"background-color":"","background-image":"","background-repeat":"repeat","background-position":"center center","background-size":"auto","background-attachment":"scroll","background-type":"","background-media":"","overlay-type":"","overlay-color":"","overlay-opacity":"","overlay-gradient":""},"mobile":{"background-color":"","background-image":"","background-repeat":"repeat","background-position":"center center","background-size":"auto","background-attachment":"scroll","background-type":"","background-media":"","overlay-type":"","overlay-color":"","overlay-opacity":"","overlay-gradient":""}},"ast-content-background-meta":{"desktop":{"background-color":"var(--ast-global-color-5)","background-image":"","background-repeat":"repeat","background-position":"center center","background-size":"auto","background-attachment":"scroll","background-type":"","background-media":"","overlay-type":"","overlay-color":"","overlay-opacity":"","overlay-gradient":""},"tablet":{"background-color":"var(--ast-global-color-5)","background-image":"","background-repeat":"repeat","background-position":"center center","background-size":"auto","background-attachment":"scroll","background-type":"","background-media":"","overlay-type":"","overlay-color":"","overlay-opacity":"","overlay-gradient":""},"mobile":{"background-color":"var(--ast-global-color-5)","background-image":"","background-repeat":"repeat","background-position":"center center","background-size":"auto","background-attachment":"scroll","background-type":"","background-media":"","overlay-type":"","overlay-color":"","overlay-opacity":"","overlay-gradient":""}}},"product_brand":[],"product_cat":[352],"product_tag":[1105],"class_list":{"0":"post-8655","1":"product","2":"type-product","3":"status-publish","4":"has-post-thumbnail","6":"product_cat-peptide-tieu-duong","7":"product_tag-glucagon-cas-16941-32-5-promotes-glycogenolysis-and-glucose-production-to-raise-blood-sugar-vi","8":"desktop-align-left","9":"tablet-align-left","10":"mobile-align-left","12":"first","13":"instock","14":"shipping-taxable","15":"product-type-simple"},"_links":{"self":[{"href":"https:\/\/puyapeptide.net\/vi\/wp-json\/wp\/v2\/product\/8655","targetHints":{"allow":["GET"]}}],"collection":[{"href":"https:\/\/puyapeptide.net\/vi\/wp-json\/wp\/v2\/product"}],"about":[{"href":"https:\/\/puyapeptide.net\/vi\/wp-json\/wp\/v2\/types\/product"}],"replies":[{"embeddable":true,"href":"https:\/\/puyapeptide.net\/vi\/wp-json\/wp\/v2\/comments?post=8655"}],"wp:featuredmedia":[{"embeddable":true,"href":"https:\/\/puyapeptide.net\/vi\/wp-json\/wp\/v2\/media\/2136"}],"wp:attachment":[{"href":"https:\/\/puyapeptide.net\/vi\/wp-json\/wp\/v2\/media?parent=8655"}],"wp:term":[{"taxonomy":"product_brand","embeddable":true,"href":"https:\/\/puyapeptide.net\/vi\/wp-json\/wp\/v2\/product_brand?post=8655"},{"taxonomy":"product_cat","embeddable":true,"href":"https:\/\/puyapeptide.net\/vi\/wp-json\/wp\/v2\/product_cat?post=8655"},{"taxonomy":"product_tag","embeddable":true,"href":"https:\/\/puyapeptide.net\/vi\/wp-json\/wp\/v2\/product_tag?post=8655"}],"curies":[{"name":"wp","href":"https:\/\/api.w.org\/{rel}","templated":true}]}}