{"id":8664,"date":"2021-12-17T01:52:51","date_gmt":"2021-12-17T06:52:51","guid":{"rendered":"https:\/\/puyapeptide.net\/product\/glp-1-7-37-cas-106612-94-6-giam-luong-duong-trong-mau-o-nguoi-phu-thuoc-vao-glucose-ma-khong-co-bat-ky-phan-ung-phu-nao\/"},"modified":"2021-12-17T01:52:51","modified_gmt":"2021-12-17T06:52:51","slug":"glp-1-7-37-cas-106612-94-6-giam-luong-duong-trong-mau-o-nguoi-phu-thuoc-vao-glucose-ma-khong-co-bat-ky-phan-ung-phu-nao","status":"publish","type":"product","link":"https:\/\/puyapeptide.net\/vi\/product\/glp-1-7-37-cas-106612-94-6-giam-luong-duong-trong-mau-o-nguoi-phu-thuoc-vao-glucose-ma-khong-co-bat-ky-phan-ung-phu-nao\/","title":{"rendered":"GLP-1 (7-37) CAS 106612-94-6 gi\u1ea3m l\u01b0\u1ee3ng \u0111\u01b0\u1eddng trong m\u00e1u \u1edf ng\u01b0\u1eddi ph\u1ee5 thu\u1ed9c v\u00e0o glucose m\u00e0 kh\u00f4ng c\u00f3 b\u1ea5t k\u1ef3 ph\u1ea3n \u1ee9ng ph\u1ee5 n\u00e0o"},"content":{"rendered":"<h2><strong>GLP-1 (7-37) CAS 106612-94-6 H\u1ea1 m\u1ee9c \u0111\u01b0\u1eddng huy\u1ebft m\u00e0 kh\u00f4ng c\u00f3 b\u1ea5t k\u1ef3 t\u00e1c d\u1ee5ng ph\u1ee5 n\u00e0o<\/strong><\/h2>\n<p> T\u00ean s\u1ea3n ph\u1ea9m: H-HIS-ALA-GLU-GLY-THR-PHE-THR-SER-ASP-VAL-SER-SER-TYR-LEU-GLU-GLY-GLN-ALA-ALA-LYS-GLU- PHE-ILE-ALA-TRP-LEU-VAL-LYS-GLY-ARG-GLY-OH \/ GLP-1 (7-37)<br \/>\n T\u1eeb \u0111\u1ed3ng ngh\u0129a: Insulinotropin (ng\u01b0\u1eddi); Peptide GLP-1 (peptide l\u00e0m gi\u1ea3m glucose \u1edf ng\u01b0\u1eddi -1); Glp-I (7-37); Glucagon nh\u01b0 peptit I (7-37); peptit li\u00ean quan \u0111\u1ebfn glucagon (oncorhynchus kisutch), axit 3-L-glutamic-6-L-phenylalanin-9-L-aspartic axit-12-L-serine-15-L-axit glutamic-16-glycine-21-L-isoleucine-24-L-alanine-27-L-valine-28-L-lysine-31-glycine-; Tglp- 1; GLP-1, 7-37; Preproglucagon 78-108<br \/>\n CAS: 106612-94-6<br \/>\n MF: C151H228N40O47<br \/>\n MW: 3355.67<br \/>\n EINECS:<br \/>\n Danh m\u1ee5c s\u1ea3n ph\u1ea9m: peptide d\u01b0\u1ee3c; peptide<br \/>\n Mol T\u1ec7p: 106612-94-6.mol <\/p>\n<p> <strong>GLP-1 (7-37) CAS 106612-94-6 T\u00ednh ch\u1ea5t h\u00f3a h\u1ecdc<\/strong><br \/>\n m\u1eadt \u0111\u1ed9 1,48 \u00b1 0,1 g \/ cm3 (D\u1ef1 \u0111o\u00e1n) &lt; &amp;&gt; nhi\u1ec7t \u0111\u1ed9 l\u01b0u tr\u1eef. \u221220 \u00b0 C<br \/>\n \u0110\u1ed9 h\u00f2a tan trong n\u01b0\u1edbc H\u00f2a tan trong n\u01b0\u1edbc \u1edf 2mg \/ ml<br \/>\n CAS DataBase Reference 106612-94-6 <\/p>\n<p> <strong>Ch\u1ee9c n\u0103ng v\u00e0 \u1ee9ng d\u1ee5ng c\u1ee7a GLP-1 (7-37) CAS 106612-94- 6<\/strong><br \/>\n Humanglucagon-likepPeptide -1 (GLP-1) l\u00e0 m\u1ed9t polypeptit nh\u1ecf v\u1edbi 30 axit amin, c\u00f3 kh\u1ea3 n\u0103ng l\u00e0m gi\u1ea3m l\u01b0\u1ee3ng \u0111\u01b0\u1eddng trong m\u00e1u \u1edf ch\u1ea5t ph\u1ee5 thu\u1ed9c v\u00e0o glucose m\u00e0 kh\u00f4ng c\u00f3 b\u1ea5t k\u1ef3 ph\u1ea3n \u1ee9ng ph\u1ee5 n\u00e0o, ngo\u00e0i nhi\u1ec1u ch\u1ee9c n\u0103ng c\u1ee7a GLP-1 , n\u00f3 tr\u1edf th\u00e0nh m\u1ed9t \u0111i\u1ec3m n\u00f3ng nghi\u00ean c\u1ee9u trong vi\u1ec7c ch\u1eefa b\u1ec7nh ti\u1ec3u \u0111\u01b0\u1eddngII. Tuy nhi\u00ean, \u0111\u1ec3 hi\u1ec7n th\u1ef1c h\u00f3a \u1ee9ng d\u1ee5ng l\u00e2m s\u00e0ng c\u1ee7a n\u00f3, c\u1ea7n ph\u1ea3i gi\u1ea3i quy\u1ebft v\u1ea5n \u0111\u1ec1 th\u1eddi gian b\u00e1n h\u1ee7y in vivo ng\u1eafn c\u1ee7a n\u00f3. Do \u0111\u00f3, c\u00e1c \u0111\u00e1nh gi\u00e1 v\u1ec1 qu\u00e1 tr\u00ecnh nghi\u00ean c\u1ee9u v\u00e0 \u1ee9ng d\u1ee5ng l\u00e2m s\u00e0ng GLP-1 \u1edf Trung Qu\u1ed1c v\u00e0 n\u01b0\u1edbc ngo\u00e0i tr\u00ean c\u01a1 s\u1edf c\u00e1c nghi\u00ean c\u1ee9u tr\u01b0\u1edbc \u0111\u00e2y s\u1ebd cung c\u1ea5p t\u00e0i li\u1ec7u tham kh\u1ea3o cho c\u00e1c nh\u00e0 nghi\u00ean c\u1ee9u v\u00e0 nh\u00e2n vi\u00ean y t\u1ebf trong vi\u1ec7c ph\u00e1t tri\u1ec3n c\u00e1c lo\u1ea1i thu\u1ed1c li\u00ean quan \u0111\u1ebfn GLP-1.<\/p>\n","protected":false},"excerpt":{"rendered":"<p>T\u00ean s\u1ea3n ph\u1ea9m: H-HIS-ALA-GLU-GLY-THR-PHE-THR-SER-ASP-VAL-SER-SER-TYR-LEU-GLU-GLY-GLN-ALA-ALA-LYS-GLU-PHE-ILE -ALA-TRP-LEU-VAL-LYS-GLY-ARG-GLY-OH \/ GLP-1 (7-37)<br \/>\n CAS: 106612-94-6<br \/>\n MF: C151H228N40O47<br \/>\n MW: 3355,67 &lt; &amp;&gt; Mol T\u1ec7p: 106612-94-6.mol<\/p>\n","protected":false},"featured_media":2304,"comment_status":"open","ping_status":"closed","template":"","meta":{"om_disable_all_campaigns":false,"_monsterinsights_skip_tracking":false,"_monsterinsights_sitenote_active":false,"_monsterinsights_sitenote_note":"","_monsterinsights_sitenote_category":0,"site-sidebar-layout":"default","site-content-layout":"default","ast-site-content-layout":"default","site-content-style":"default","site-sidebar-style":"default","ast-global-header-display":"","ast-banner-title-visibility":"","ast-main-header-display":"","ast-hfb-above-header-display":"","ast-hfb-below-header-display":"","ast-hfb-mobile-header-display":"","site-post-title":"","ast-breadcrumbs-content":"","ast-featured-img":"","footer-sml-layout":"","ast-disable-related-posts":"","theme-transparent-header-meta":"default","adv-header-id-meta":"","stick-header-meta":"","header-above-stick-meta":"","header-main-stick-meta":"","header-below-stick-meta":"","astra-migrate-meta-layouts":"default","ast-page-background-enabled":"default","ast-page-background-meta":{"desktop":{"background-color":"","background-image":"","background-repeat":"repeat","background-position":"center center","background-size":"auto","background-attachment":"scroll","background-type":"","background-media":"","overlay-type":"","overlay-color":"","overlay-opacity":"","overlay-gradient":""},"tablet":{"background-color":"","background-image":"","background-repeat":"repeat","background-position":"center center","background-size":"auto","background-attachment":"scroll","background-type":"","background-media":"","overlay-type":"","overlay-color":"","overlay-opacity":"","overlay-gradient":""},"mobile":{"background-color":"","background-image":"","background-repeat":"repeat","background-position":"center center","background-size":"auto","background-attachment":"scroll","background-type":"","background-media":"","overlay-type":"","overlay-color":"","overlay-opacity":"","overlay-gradient":""}},"ast-content-background-meta":{"desktop":{"background-color":"var(--ast-global-color-5)","background-image":"","background-repeat":"repeat","background-position":"center center","background-size":"auto","background-attachment":"scroll","background-type":"","background-media":"","overlay-type":"","overlay-color":"","overlay-opacity":"","overlay-gradient":""},"tablet":{"background-color":"var(--ast-global-color-5)","background-image":"","background-repeat":"repeat","background-position":"center center","background-size":"auto","background-attachment":"scroll","background-type":"","background-media":"","overlay-type":"","overlay-color":"","overlay-opacity":"","overlay-gradient":""},"mobile":{"background-color":"var(--ast-global-color-5)","background-image":"","background-repeat":"repeat","background-position":"center center","background-size":"auto","background-attachment":"scroll","background-type":"","background-media":"","overlay-type":"","overlay-color":"","overlay-opacity":"","overlay-gradient":""}}},"product_brand":[],"product_cat":[352],"product_tag":[1070],"class_list":{"0":"post-8664","1":"product","2":"type-product","3":"status-publish","4":"has-post-thumbnail","6":"product_cat-peptide-tieu-duong","7":"product_tag-glp-1-7-37-cas-106612-94-6-reduce-blood-sugar-in-a-glucose-dependentmanner-without-any-adverse-reactions-vi","8":"desktop-align-left","9":"tablet-align-left","10":"mobile-align-left","12":"first","13":"instock","14":"shipping-taxable","15":"product-type-simple"},"_links":{"self":[{"href":"https:\/\/puyapeptide.net\/vi\/wp-json\/wp\/v2\/product\/8664","targetHints":{"allow":["GET"]}}],"collection":[{"href":"https:\/\/puyapeptide.net\/vi\/wp-json\/wp\/v2\/product"}],"about":[{"href":"https:\/\/puyapeptide.net\/vi\/wp-json\/wp\/v2\/types\/product"}],"replies":[{"embeddable":true,"href":"https:\/\/puyapeptide.net\/vi\/wp-json\/wp\/v2\/comments?post=8664"}],"wp:featuredmedia":[{"embeddable":true,"href":"https:\/\/puyapeptide.net\/vi\/wp-json\/wp\/v2\/media\/2304"}],"wp:attachment":[{"href":"https:\/\/puyapeptide.net\/vi\/wp-json\/wp\/v2\/media?parent=8664"}],"wp:term":[{"taxonomy":"product_brand","embeddable":true,"href":"https:\/\/puyapeptide.net\/vi\/wp-json\/wp\/v2\/product_brand?post=8664"},{"taxonomy":"product_cat","embeddable":true,"href":"https:\/\/puyapeptide.net\/vi\/wp-json\/wp\/v2\/product_cat?post=8664"},{"taxonomy":"product_tag","embeddable":true,"href":"https:\/\/puyapeptide.net\/vi\/wp-json\/wp\/v2\/product_tag?post=8664"}],"curies":[{"name":"wp","href":"https:\/\/api.w.org\/{rel}","templated":true}]}}