{"id":8714,"date":"2021-12-17T03:00:42","date_gmt":"2021-12-17T08:00:42","guid":{"rendered":"https:\/\/puyapeptide.net\/product\/ganirelix-acetate-cas-123246-29-7-thuoc-doi-khang-hormone-giai-phong-gonadotropin-gnrh\/"},"modified":"2021-12-17T03:00:42","modified_gmt":"2021-12-17T08:00:42","slug":"ganirelix-acetate-cas-123246-29-7-thuoc-doi-khang-hormone-giai-phong-gonadotropin-gnrh","status":"publish","type":"product","link":"https:\/\/puyapeptide.net\/vi\/product\/ganirelix-acetate-cas-123246-29-7-thuoc-doi-khang-hormone-giai-phong-gonadotropin-gnrh\/","title":{"rendered":"Ganirelix Acetate CAS 123246-29-7 Thu\u1ed1c \u0111\u1ed1i kh\u00e1ng hormone gi\u1ea3i ph\u00f3ng gonadotropin (GnRH)"},"content":{"rendered":"<h2><strong>Ganirelix Acetate CAS 123246-29-7 Thu\u1ed1c \u0111\u1ed1i kh\u00e1ng hormone gi\u1ea3i ph\u00f3ng gonadotropin (GnRH)<\/strong><\/h2>\n<p> T\u00ean s\u1ea3n ph\u1ea9m: Ganirelix Acetate<br \/>\n T\u1eeb \u0111\u1ed3ng ngh\u0129a: Ac-DNal-DCpa-DPal-Ser-Tyr-DHar (Et2) -Leu-Har (Et2) -Pro-DAla -NH2; Ganirelixum; ganirelix Acetate; GANIRELIX; Ganirelix Acetate USP \/ EP \/ BP<br \/>\n CAS: 123246-29-7<br \/>\n MF: C80H113ClN18O13<br \/>\n MW: 1570.34<br \/>\n EINECS:<br \/>\n Danh m\u1ee5c s\u1ea3n ph\u1ea9m: n\u1ed9i ti\u1ebft t\u1ed1<br \/>\n Mol T\u1ec7p: 123246-29 -7.mol <\/p>\n<p> Ganirelix acetate l\u00e0 m\u1ed9t h\u1ee3p ch\u1ea5t decapeptide t\u1ed5ng h\u1ee3p t\u01b0\u01a1ng t\u1ef1 nh\u01b0 hormone gi\u1ea3i ph\u00f3ng gonadotropin n\u1ed9i sinh (GnRH) (c\u00f2n \u0111\u01b0\u1ee3c g\u1ecdi l\u00e0 hormone gi\u1ea3i ph\u00f3ng ho\u00e0ng th\u1ec3 (LHRH)) v\u00e0 l\u00e0 m\u1ed9t ch\u1ea5t \u0111\u1ed1i kh\u00e1ng c\u1ee7a GnRH, c\u00f3 t\u00e1c d\u1ee5ng c\u1ea1nh tranh \u0111\u1ed1i kh\u00e1ng v\u1edbi Th\u1ee5 th\u1ec3 GnRH c\u1ee7a gonadotropic, do \u0111\u00f3 l\u00e0m \u0111\u1ed9t bi\u1ebfn con \u0111\u01b0\u1eddng v\u00e0 g\u00e2y ra s\u1ef1 \u1ee9c ch\u1ebf nhanh ch\u00f3ng v\u00e0 c\u00f3 h\u1ed3i ph\u1ee5c s\u1ef1 b\u00e0i ti\u1ebft gonadotropin (hormone ho\u00e0ng th\u1ec3 LH v\u00e0 hormone k\u00edch th\u00edch nang tr\u1ee9ng FSH). Ganirelix acetate \u1ee9c ch\u1ebf s\u1ef1 ti\u1ebft LH t\u1eeb tuy\u1ebfn y\u00ean \u0111\u00e1ng k\u1ec3 h\u01a1n s\u1ef1 b\u00e0i ti\u1ebft FSH, do \u0111\u00f3 l\u00e0m gi\u1ea3m s\u1ea3n xu\u1ea5t hormone sinh d\u1ee5c. <\/p>\n<p> <strong>Ch\u1ee9c n\u0103ng v\u00e0 \u1ee8ng d\u1ee5ng c\u1ee7a Ganirelix Acetate CAS 123246-29-7<\/strong><br \/>\n Ganirelix acetate l\u00e0 m\u1ed9t ch\u1ea5t t\u01b0\u01a1ng t\u1ef1 c\u1ee7a GnRH v\u1edbi c\u00e1c ch\u1ea5t thay th\u1ebf \u1edf c\u00e1c g\u1ed1c 1, 2, 3, 6, 8, v\u00e0 10. N\u00f3 kh\u00f4ng ph\u1ea3i l\u00e0 ch\u1ea5t si\u00eau t\u1ed5ng h\u1ee3p m\u00e0 l\u00e0 m\u1ed9t decapeptide t\u1ed5ng h\u1ee3p c\u00f3 ho\u1ea1t t\u00ednh \u0111\u1ed1i kh\u00e1ng cao v\u00e0 l\u00e0 ch\u1ea5t \u0111\u1ed1i kh\u00e1ng GnRH \u0111\u1ea7u ti\u00ean \u0111\u01b0\u1ee3c b\u00e1n tr\u00ean th\u1ecb tr\u01b0\u1eddng. N\u00f3 \u0111\u01b0\u1ee3c ch\u1ea5p thu\u1eadn \u0111\u1ec3 \u1ee9c ch\u1ebf s\u1ef1 gia t\u0103ng LH \u1edf nh\u1eefng ph\u1ee5 n\u1eef \u0111ang \u0111i\u1ec1u tr\u1ecb kh\u1ea3 n\u0103ng sinh s\u1ea3n b\u1eb1ng qu\u00e1 k\u00edch bu\u1ed3ng tr\u1ee9ng; LH t\u0103ng th\u01b0\u1eddng th\u00fac \u0111\u1ea9y qu\u00e1 tr\u00ecnh r\u1ee5ng tr\u1ee9ng. M\u1ee5c ti\u00eau c\u1ee7a lo\u1ea1i thu\u1ed1c n\u00e0y l\u00e0 gi\u1ea3m \u0111\u00e1ng k\u1ec3 s\u1ed1 ng\u00e0y d\u00f9ng thu\u1ed1c c\u1ea7n thi\u1ebft \u0111\u1ec3 ng\u0103n ch\u1eb7n s\u1ef1 gia t\u0103ng LH, do \u0111\u00f3 duy tr\u00ec tr\u1ee9ng trong bu\u1ed3ng tr\u1ee9ng. C\u00e1c chu k\u1ef3 \u0111i\u1ec1u tr\u1ecb th\u1ee5 tinh trong \u1ed1ng nghi\u1ec7m (IVF) tr\u01b0\u1edbc \u0111\u00e2y \u0111\u01b0\u1ee3c b\u1eaft \u0111\u1ea7u b\u1eb1ng vi\u1ec7c s\u1eed d\u1ee5ng leuprolide acetate \u0111\u1ec3 ng\u0103n ch\u1eb7n s\u1ef1 ph\u00f3ng th\u00edch s\u1edbm c\u1ee7a LH. \u0110i\u1ec1u n\u00e0y \u1ee9c ch\u1ebf s\u1ef1 r\u1ee5ng tr\u1ee9ng \u0111\u1ec3 tr\u1ee9ng v\u1eabn c\u00f3 s\u1eb5n \u0111\u1ec3 l\u1ea5y l\u1ea1i b\u1edfi m\u1ed9t chuy\u00ean gia sinh s\u1ea3n. V\u00ec m\u1ee5c \u0111\u00edch n\u00e0y, leuprolide acetate th\u01b0\u1eddng \u0111\u01b0\u1ee3c ti\u00eam trong v\u00f2ng 26 ng\u00e0y. C\u00e1c nghi\u00ean c\u1ee9u l\u00e2m s\u00e0ng \u0111\u00e3 ch\u1ec9 ra r\u1eb1ng ganirelix acetate c\u00f3 th\u1ec3 ng\u0103n ch\u1eb7n s\u1ef1 gia t\u0103ng LH ch\u1ec9 trong 5 ng\u00e0y \u0111i\u1ec1u tr\u1ecb, s\u1ef1 \u1ee9c ch\u1ebf LH r\u00f5 r\u1ec7t h\u01a1n so v\u1edbi FSH v\u00e0 th\u1eddi gian \u0111i\u1ec1u tr\u1ecb ng\u1eafn h\u01a1n s\u1ebd gi\u1ea3m thi\u1ec3u c\u00e1c t\u00e1c d\u1ee5ng ph\u1ee5 kh\u00f3 ch\u1ecbu, ch\u1eb3ng h\u1ea1n nh\u01b0 b\u1ed1c h\u1ecfa v\u00e0 \u0111au \u0111\u1ea7u. . <\/p>\n<p> N\u00f3 ch\u1ee7 y\u1ebfu \u0111\u01b0\u1ee3c s\u1eed d\u1ee5ng tr\u00ean l\u00e2m s\u00e0ng trong c\u00e1c ph\u00e1c \u0111\u1ed3 k\u00edch th\u00edch bu\u1ed3ng tr\u1ee9ng c\u00f3 ki\u1ec3m so\u00e1t cho ph\u1ee5 n\u1eef tr\u1ea3i qua c\u00f4ng ngh\u1ec7 h\u1ed7 tr\u1ee3 sinh s\u1ea3n \u0111\u1ec3 ng\u0103n ch\u1eb7n c\u00e1c \u0111\u1ec9nh n\u1ed9i ti\u1ebft t\u1ed1 ho\u00e0ng th\u1ec3 h\u00f3a s\u1edbm v\u00e0 \u0111\u1ec3 \u0111i\u1ec1u tr\u1ecb c\u00e1c r\u1ed1i lo\u1ea1n sinh s\u1ea3n do nguy\u00ean nh\u00e2n n\u00e0y g\u00e2y ra. Thu\u1ed1c c\u00f3 \u00edt t\u00e1c d\u1ee5ng ngo\u1ea1i \u00fd h\u01a1n, t\u1ef7 l\u1ec7 c\u00f3 thai cao, chu k\u1ef3 \u0111i\u1ec1u tr\u1ecb ng\u1eafn v\u00e0 c\u00f3 nh\u1eefng \u01b0u \u0111i\u1ec3m l\u00e2m s\u00e0ng \u0111\u00e1ng k\u1ec3 so v\u1edbi c\u00e1c thu\u1ed1c t\u01b0\u01a1ng t\u1ef1.<\/p>\n","protected":false},"excerpt":{"rendered":"<p>T\u00ean s\u1ea3n ph\u1ea9m: Ganirelix Acetate<br \/>\n CAS: 123246-29-7<br \/>\n MF: C80H113ClN18O13<br \/>\n MW: 1570.34<br \/>\n Danh m\u1ee5c s\u1ea3n ph\u1ea9m: k\u00edch th\u00edch t\u1ed1<br \/>\n Mol T\u1ec7p: 123246-29-7.mol<\/p>\n","protected":false},"featured_media":2115,"comment_status":"open","ping_status":"closed","template":"","meta":{"om_disable_all_campaigns":false,"_monsterinsights_skip_tracking":false,"_monsterinsights_sitenote_active":false,"_monsterinsights_sitenote_note":"","_monsterinsights_sitenote_category":0,"site-sidebar-layout":"default","site-content-layout":"default","ast-site-content-layout":"default","site-content-style":"default","site-sidebar-style":"default","ast-global-header-display":"","ast-banner-title-visibility":"","ast-main-header-display":"","ast-hfb-above-header-display":"","ast-hfb-below-header-display":"","ast-hfb-mobile-header-display":"","site-post-title":"","ast-breadcrumbs-content":"","ast-featured-img":"","footer-sml-layout":"","ast-disable-related-posts":"","theme-transparent-header-meta":"default","adv-header-id-meta":"","stick-header-meta":"","header-above-stick-meta":"","header-main-stick-meta":"","header-below-stick-meta":"","astra-migrate-meta-layouts":"default","ast-page-background-enabled":"default","ast-page-background-meta":{"desktop":{"background-color":"","background-image":"","background-repeat":"repeat","background-position":"center center","background-size":"auto","background-attachment":"scroll","background-type":"","background-media":"","overlay-type":"","overlay-color":"","overlay-opacity":"","overlay-gradient":""},"tablet":{"background-color":"","background-image":"","background-repeat":"repeat","background-position":"center center","background-size":"auto","background-attachment":"scroll","background-type":"","background-media":"","overlay-type":"","overlay-color":"","overlay-opacity":"","overlay-gradient":""},"mobile":{"background-color":"","background-image":"","background-repeat":"repeat","background-position":"center center","background-size":"auto","background-attachment":"scroll","background-type":"","background-media":"","overlay-type":"","overlay-color":"","overlay-opacity":"","overlay-gradient":""}},"ast-content-background-meta":{"desktop":{"background-color":"var(--ast-global-color-5)","background-image":"","background-repeat":"repeat","background-position":"center center","background-size":"auto","background-attachment":"scroll","background-type":"","background-media":"","overlay-type":"","overlay-color":"","overlay-opacity":"","overlay-gradient":""},"tablet":{"background-color":"var(--ast-global-color-5)","background-image":"","background-repeat":"repeat","background-position":"center center","background-size":"auto","background-attachment":"scroll","background-type":"","background-media":"","overlay-type":"","overlay-color":"","overlay-opacity":"","overlay-gradient":""},"mobile":{"background-color":"var(--ast-global-color-5)","background-image":"","background-repeat":"repeat","background-position":"center center","background-size":"auto","background-attachment":"scroll","background-type":"","background-media":"","overlay-type":"","overlay-color":"","overlay-opacity":"","overlay-gradient":""}}},"product_brand":[],"product_cat":[430],"product_tag":[1032],"class_list":{"0":"post-8714","1":"product","2":"type-product","3":"status-publish","4":"has-post-thumbnail","6":"product_cat-peptide-sinh-duc","7":"product_tag-ganirelix-acetate-cas-123246-29-7-gonadotropin-releasing-hormone-gnrh-antagonists-vi","8":"desktop-align-left","9":"tablet-align-left","10":"mobile-align-left","12":"first","13":"instock","14":"shipping-taxable","15":"product-type-simple"},"_links":{"self":[{"href":"https:\/\/puyapeptide.net\/vi\/wp-json\/wp\/v2\/product\/8714","targetHints":{"allow":["GET"]}}],"collection":[{"href":"https:\/\/puyapeptide.net\/vi\/wp-json\/wp\/v2\/product"}],"about":[{"href":"https:\/\/puyapeptide.net\/vi\/wp-json\/wp\/v2\/types\/product"}],"replies":[{"embeddable":true,"href":"https:\/\/puyapeptide.net\/vi\/wp-json\/wp\/v2\/comments?post=8714"}],"wp:featuredmedia":[{"embeddable":true,"href":"https:\/\/puyapeptide.net\/vi\/wp-json\/wp\/v2\/media\/2115"}],"wp:attachment":[{"href":"https:\/\/puyapeptide.net\/vi\/wp-json\/wp\/v2\/media?parent=8714"}],"wp:term":[{"taxonomy":"product_brand","embeddable":true,"href":"https:\/\/puyapeptide.net\/vi\/wp-json\/wp\/v2\/product_brand?post=8714"},{"taxonomy":"product_cat","embeddable":true,"href":"https:\/\/puyapeptide.net\/vi\/wp-json\/wp\/v2\/product_cat?post=8714"},{"taxonomy":"product_tag","embeddable":true,"href":"https:\/\/puyapeptide.net\/vi\/wp-json\/wp\/v2\/product_tag?post=8714"}],"curies":[{"name":"wp","href":"https:\/\/api.w.org\/{rel}","templated":true}]}}