{"id":8736,"date":"2021-12-17T03:02:11","date_gmt":"2021-12-17T08:02:11","guid":{"rendered":"https:\/\/puyapeptide.net\/product\/exenatide-acetate-cas-141732-76-5-duoc-su-dung-nhu-mot-chat-ha-duong-huyet-qua-duong-ruot\/"},"modified":"2021-12-17T03:02:11","modified_gmt":"2021-12-17T08:02:11","slug":"exenatide-acetate-cas-141732-76-5-duoc-su-dung-nhu-mot-chat-ha-duong-huyet-qua-duong-ruot","status":"publish","type":"product","link":"https:\/\/puyapeptide.net\/vi\/product\/exenatide-acetate-cas-141732-76-5-duoc-su-dung-nhu-mot-chat-ha-duong-huyet-qua-duong-ruot\/","title":{"rendered":"Exenatide acetate CAS 141732-76-5 \u0111\u01b0\u1ee3c s\u1eed d\u1ee5ng nh\u01b0 m\u1ed9t ch\u1ea5t h\u1ea1 \u0111\u01b0\u1eddng huy\u1ebft qua \u0111\u01b0\u1eddng ru\u1ed9t"},"content":{"rendered":"<h2><strong>Exenatide acetate CAS 141732-76-5 \u0111\u01b0\u1ee3c s\u1eed d\u1ee5ng nh\u01b0 m\u1ed9t ch\u1ea5t h\u1ea1 \u0111\u01b0\u1eddng huy\u1ebft qua \u0111\u01b0\u1eddng ru\u1ed9t<\/strong><\/h2>\n<p> T\u00ean s\u1ea3n ph\u1ea9m: Exenatide acetate<br \/>\n T\u1eeb \u0111\u1ed3ng ngh\u0129a: Exenatide; His-Gly-Gly-Gly-Thr-Phe-Thr-Ser-Asp-Leu-Ser-Lys-Gln-Met-Glu-Glu-Glu-Ala -Val-Arg-Leu-Phe-Ile-Glu-Trp-Leu-Lys-Asn-Gly-Gly-Pro-Ser-Gly-Ala-Pro-Pro-Pro-Ser-NH {2}; EXENATIDE ACETATE (EXENDIN -4); His-Gly-Gly-Gly-Thr-Phe-Thr-Ser-Asp-Leu-Ser-Lys-Gln-Met-Glu-Glu-Glu-Ala-Val-Arg-Leu-Phe-Ile- Glu-Trp-Leu-Lys-Asn-Gly-Gly-Pro-Ser-Ser-Gly-Ala-Pro-Pro-Pro-Ser-NH2; Exenatide Acettate; EXENATIDE ACETATE; ENFUVIRTIDE ACETATE; Extendin-4<br \/>\n CAS : 141732-76-5<br \/>\n MF: C186H286N50O62S<br \/>\n MW: 4244.60796<br \/>\n EINECS: 1592732-453-0<br \/>\n Danh m\u1ee5c s\u1ea3n ph\u1ea9m: Agonist; Baz\u01a1 &amp; Thu\u1ed1c th\u1eed li\u00ean quan; Peptide; Ch\u1ea5t trung gian &amp; H\u00f3a ch\u1ea5t t\u1ed1t; Nucleotides; D\u01b0\u1ee3c ph\u1ea9m; GLP<br \/>\n Mol T\u1ec7p: 141732-76-5.mol <\/p>\n<p> Tr\u00ecnh t\u1ef1 axit amin c\u1ee7a Exenatide Acetate tr\u00f9ng l\u1eb7p m\u1ed9t ph\u1ea7n v\u1edbi GLP-1 c\u1ee7a con ng\u01b0\u1eddi. Exenatide acetate \u0111\u00e3 \u0111\u01b0\u1ee3c ch\u1ee9ng minh l\u00e0 c\u00f3 kh\u1ea3 n\u0103ng li\u00ean k\u1ebft v\u00e0 k\u00edch ho\u1ea1t th\u1ee5 th\u1ec3 GLP-1 c\u1ee7a con ng\u01b0\u1eddi trong \u1ed1ng nghi\u1ec7m. \u0110i\u1ec1u n\u00e0y c\u00f3 ngh\u0129a l\u00e0 b\u1eb1ng c\u00e1ch bao g\u1ed3m cAMP (cyclic adenosine monophosphate) ho\u1eb7c c\u00e1c c\u01a1 ch\u1ebf truy\u1ec1n t\u00edn hi\u1ec7u n\u1ed9i b\u00e0o kh\u00e1c, s\u1ef1 t\u1ed5ng h\u1ee3p insulin ph\u1ee5 thu\u1ed9c v\u00e0o glucose v\u00e0 s\u1ef1 b\u00e0i ti\u1ebft insu lin c\u1ee7a c\u00e1c t\u1ebf b\u00e0o \u03b2 tuy\u1ebfn t\u1ee5y trong c\u01a1 th\u1ec3 \u0111\u01b0\u1ee3c t\u0103ng l\u00ean. <\/p>\n<p> <strong>Ch\u1ee9c n\u0103ng v\u00e0 \u1ee8ng d\u1ee5ng c\u1ee7a Exenatide acetate CAS 141732-76-5<\/strong><br \/>\n \u1ee8ng d\u1ee5ng exenatide acetate l\u00e0m t\u0103ng acinar cAMP m\u00e0 kh\u00f4ng k\u00edch th\u00edch gi\u1ea3i ph\u00f3ng amylase. L\u00e0 m\u1ed9t ch\u1ea5t b\u1eaft ch\u01b0\u1edbc incretin, exenatide acetate ho\u1ea1t \u0111\u1ed9ng nh\u01b0 ch\u1ea5t ch\u1ee7 v\u1eadn c\u1ee7a th\u1ee5 th\u1ec3 peptide-1 (GLP-1) gi\u1ed1ng glucagon. V\u00ec GLP-1, m\u1eb7c d\u00f9 ho\u1ea1t \u0111\u1ed9ng k\u00e9o d\u00e0i, exenatide acetate l\u00e0m t\u0103ng s\u1ea3n xu\u1ea5t insulin sau \u0103n v\u00e0 \u1ee9c ch\u1ebf ti\u1ebft glucagon. V\u00ec l\u00fd do n\u00e0y, exenatide acetate \u0111\u00e3 \u0111\u01b0\u1ee3c s\u1eed d\u1ee5ng nh\u01b0 m\u1ed9t lo\u1ea1i thu\u1ed1c \u0111i\u1ec1u tr\u1ecb b\u1ec7nh ti\u1ec3u \u0111\u01b0\u1eddng II.<\/p>\n","protected":false},"excerpt":{"rendered":"<p>T\u00ean s\u1ea3n ph\u1ea9m: Exenatide axetat<br \/>\n CAS: 141732-76-5<br \/>\n MF: C186H286N50O62S<br \/>\n MW: 4244.60796<br \/>\n EINECS: 1592732-453-0<br \/>\n Mol T\u1ec7p: 141732-76-5.mol<\/p>\n","protected":false},"featured_media":2220,"comment_status":"open","ping_status":"closed","template":"","meta":{"om_disable_all_campaigns":false,"_monsterinsights_skip_tracking":false,"_monsterinsights_sitenote_active":false,"_monsterinsights_sitenote_note":"","_monsterinsights_sitenote_category":0,"site-sidebar-layout":"default","site-content-layout":"default","ast-site-content-layout":"default","site-content-style":"default","site-sidebar-style":"default","ast-global-header-display":"","ast-banner-title-visibility":"","ast-main-header-display":"","ast-hfb-above-header-display":"","ast-hfb-below-header-display":"","ast-hfb-mobile-header-display":"","site-post-title":"","ast-breadcrumbs-content":"","ast-featured-img":"","footer-sml-layout":"","ast-disable-related-posts":"","theme-transparent-header-meta":"default","adv-header-id-meta":"","stick-header-meta":"","header-above-stick-meta":"","header-main-stick-meta":"","header-below-stick-meta":"","astra-migrate-meta-layouts":"default","ast-page-background-enabled":"default","ast-page-background-meta":{"desktop":{"background-color":"","background-image":"","background-repeat":"repeat","background-position":"center center","background-size":"auto","background-attachment":"scroll","background-type":"","background-media":"","overlay-type":"","overlay-color":"","overlay-opacity":"","overlay-gradient":""},"tablet":{"background-color":"","background-image":"","background-repeat":"repeat","background-position":"center center","background-size":"auto","background-attachment":"scroll","background-type":"","background-media":"","overlay-type":"","overlay-color":"","overlay-opacity":"","overlay-gradient":""},"mobile":{"background-color":"","background-image":"","background-repeat":"repeat","background-position":"center center","background-size":"auto","background-attachment":"scroll","background-type":"","background-media":"","overlay-type":"","overlay-color":"","overlay-opacity":"","overlay-gradient":""}},"ast-content-background-meta":{"desktop":{"background-color":"var(--ast-global-color-5)","background-image":"","background-repeat":"repeat","background-position":"center center","background-size":"auto","background-attachment":"scroll","background-type":"","background-media":"","overlay-type":"","overlay-color":"","overlay-opacity":"","overlay-gradient":""},"tablet":{"background-color":"var(--ast-global-color-5)","background-image":"","background-repeat":"repeat","background-position":"center center","background-size":"auto","background-attachment":"scroll","background-type":"","background-media":"","overlay-type":"","overlay-color":"","overlay-opacity":"","overlay-gradient":""},"mobile":{"background-color":"var(--ast-global-color-5)","background-image":"","background-repeat":"repeat","background-position":"center center","background-size":"auto","background-attachment":"scroll","background-type":"","background-media":"","overlay-type":"","overlay-color":"","overlay-opacity":"","overlay-gradient":""}}},"product_brand":[],"product_cat":[352],"product_tag":[1010],"class_list":{"0":"post-8736","1":"product","2":"type-product","3":"status-publish","4":"has-post-thumbnail","6":"product_cat-peptide-tieu-duong","7":"product_tag-exenatide-acetate-cas-141732-76-5-used-as-an-enteral-hypoglycemic-agent-vi","8":"desktop-align-left","9":"tablet-align-left","10":"mobile-align-left","12":"first","13":"instock","14":"shipping-taxable","15":"product-type-simple"},"_links":{"self":[{"href":"https:\/\/puyapeptide.net\/vi\/wp-json\/wp\/v2\/product\/8736","targetHints":{"allow":["GET"]}}],"collection":[{"href":"https:\/\/puyapeptide.net\/vi\/wp-json\/wp\/v2\/product"}],"about":[{"href":"https:\/\/puyapeptide.net\/vi\/wp-json\/wp\/v2\/types\/product"}],"replies":[{"embeddable":true,"href":"https:\/\/puyapeptide.net\/vi\/wp-json\/wp\/v2\/comments?post=8736"}],"wp:featuredmedia":[{"embeddable":true,"href":"https:\/\/puyapeptide.net\/vi\/wp-json\/wp\/v2\/media\/2220"}],"wp:attachment":[{"href":"https:\/\/puyapeptide.net\/vi\/wp-json\/wp\/v2\/media?parent=8736"}],"wp:term":[{"taxonomy":"product_brand","embeddable":true,"href":"https:\/\/puyapeptide.net\/vi\/wp-json\/wp\/v2\/product_brand?post=8736"},{"taxonomy":"product_cat","embeddable":true,"href":"https:\/\/puyapeptide.net\/vi\/wp-json\/wp\/v2\/product_cat?post=8736"},{"taxonomy":"product_tag","embeddable":true,"href":"https:\/\/puyapeptide.net\/vi\/wp-json\/wp\/v2\/product_tag?post=8736"}],"curies":[{"name":"wp","href":"https:\/\/api.w.org\/{rel}","templated":true}]}}