{"id":8761,"date":"2021-12-17T03:04:32","date_gmt":"2021-12-17T08:04:32","guid":{"rendered":"https:\/\/puyapeptide.net\/product\/puya-cung-cap-eptifibatide-cas-188627-80-7-uc-che-ket-tap-tieu-cau-va-hinh-thanh-huyet-khoi\/"},"modified":"2021-12-17T03:04:32","modified_gmt":"2021-12-17T08:04:32","slug":"puya-cung-cap-eptifibatide-cas-188627-80-7-uc-che-ket-tap-tieu-cau-va-hinh-thanh-huyet-khoi","status":"publish","type":"product","link":"https:\/\/puyapeptide.net\/vi\/product\/puya-cung-cap-eptifibatide-cas-188627-80-7-uc-che-ket-tap-tieu-cau-va-hinh-thanh-huyet-khoi\/","title":{"rendered":"Puya cung c\u1ea5p Eptifibatide CAS 188627-80-7 \u1ee8c ch\u1ebf k\u1ebft t\u1eadp ti\u1ec3u c\u1ea7u v\u00e0 h\u00ecnh th\u00e0nh huy\u1ebft kh\u1ed1i"},"content":{"rendered":"<h2><strong>Puya cung c\u1ea5p Eptifibatide CAS 188627-80-7 \u1ee8c ch\u1ebf k\u1ebft t\u1eadp ti\u1ec3u c\u1ea7u v\u00e0 h\u00ecnh th\u00e0nh huy\u1ebft kh\u1ed1i<\/strong><\/h2>\n<p> T\u00ean s\u1ea3n ph\u1ea9m: Eptifibatide<br \/>\n T\u1eeb \u0111\u1ed3ng ngh\u0129a: Mu\u1ed1i eptifibatide acetate; Eptifibatide, MPA-HAR-Gly-Asp-Trp-Pro-Cys-NH2, MPAHARGDWPC-NH2,&gt; 99%; MAP-LYS-GLY-ASP- TRP-PRO-CYS-NH2; INTEGRELIN; Eptifibatide; N6- (Aminoiminomethyl) -N2- (3-mercapto-1-oxopropyl-L-lysylglycyl-La-aspartyl-L-tryptophyl-L-prolyl-L-cysteinamide; MPA -HAR-GLY-ASP-TRP-PRO-CYS-NH2 (C\u1ea6U DI\u1ec4N RA, MPA1-CYS6); Intrifiban<br \/>\n CAS: 188627-80-7<br \/>\n MF: C35H49N11O9S2<br \/>\n MW: 831,96<br \/>\n EINECS : 641-366-7<br \/>\n Danh m\u1ee5c s\u1ea3n ph\u1ea9m: Ch\u1ea5t trung gian &amp; H\u00f3a ch\u1ea5t t\u1ed1t; Peptide; D\u01b0\u1ee3c ph\u1ea9m<br \/>\n Mol T\u1ec7p: 188627-80-7.mol <\/p>\n<p> Eptifibatide l\u00e0 m\u1ed9t lo\u1ea1i hexapeptit m\u1ea1ch v\u00f2ng t\u1ed5ng h\u1ee3p bao g\u1ed3m 6 axit amin v\u00e0 1 g\u1ed1c mercaptopropionyl. N\u00f3 c\u00f3 kh\u1ea3 n\u0103ng li\u00ean k\u1ebft v\u1edbi glycoprotein th\u1ee5 th\u1ec3 ti\u1ec3u c\u1ea7u (GP) IIb \/ IIIa c\u1ee7a ti\u1ec3u c\u1ea7u ng\u01b0\u1eddi v\u00e0 \u1ee9c ch\u1ebf s\u1ef1 k\u1ebft t\u1eadp ti\u1ec3u c\u1ea7u, do \u0111\u00f3 ng\u0103n ch\u1eb7n s\u1ef1 li\u00ean k\u1ebft c\u1ee7a fibrinogen, y\u1ebfu t\u1ed1 von Willebrand v\u00e0 c\u00e1c ph\u1ed1i t\u1eed k\u1ebft d\u00ednh kh\u00e1c. N\u00f3 l\u00e0 \u0111\u01b0\u1ee3c ch\u1ec9 \u0111\u1ecbnh \u0111\u1ec3 \u0111i\u1ec1u tr\u1ecb h\u1ed9i ch\u1ee9ng m\u1ea1ch v\u00e0nh c\u1ea5p (ACS) v\u00e0 i v\u00e0nh qua da ntervention (PCI). N\u00f3 c\u00f3 th\u1ec3 l\u00e0m gi\u1ea3m nguy c\u01a1 thi\u1ebfu m\u00e1u c\u1ee5c b\u1ed9 tim c\u1ea5p t\u00ednh \u1edf b\u1ec7nh nh\u00e2n \u0111au th\u1eaft ng\u1ef1c kh\u00f4ng \u1ed5n \u0111\u1ecbnh ho\u1eb7c nhi\u1ec5m tr\u00f9ng c\u01a1 tim kh\u00f4ng c\u00f3 \u0111o\u1ea1n ST ch\u00eanh l\u00ean. N\u00f3 th\u01b0\u1eddng \u0111\u01b0\u1ee3c s\u1eed d\u1ee5ng k\u1ebft h\u1ee3p v\u1edbi aspirin ho\u1eb7c clopidogrel v\u00e0 heparin. N\u00f3 c\u00f3 th\u1ec3 \u0111\u01b0\u1ee3c s\u1ea3n xu\u1ea5t th\u00f4ng qua t\u1ed5ng h\u1ee3p peptit pha dung d\u1ecbch, v\u00e0 c\u00f3 th\u1ec3 \u0111\u01b0\u1ee3c tinh ch\u1ebf b\u1eb1ng s\u1eafc k\u00fd l\u1ecfng pha ng\u01b0\u1ee3c \u0111i\u1ec1u ch\u1ebf v\u00e0 \u0111\u00f4ng kh\u00f4. <\/p>\n<p> <strong>Eptifibatide CAS 188627-80-7 T\u00ednh ch\u1ea5t h\u00f3a h\u1ecdc<\/strong><br \/>\n m\u1eadt \u0111\u1ed9 1,60 \u00b1 0,1 g \/ cm3 (D\u1ef1 \u0111o\u00e1n)<br \/>\n nhi\u1ec7t \u0111\u1ed9 l\u01b0u tr\u1eef. \u0110\u1eady k\u00edn n\u01a1i kh\u00f4 r\u00e1o, B\u1ea3o qu\u1ea3n trong t\u1ee7 \u0111\u00f4ng, d\u01b0\u1edbi -20 \u00b0 C<br \/>\n pka 4,01 \u00b1 0,10 (D\u1ef1 \u0111o\u00e1n)<br \/>\n CAS DataBase Reference 188627-80-7 <\/p>\n<p> <strong>Ch\u1ee9c n\u0103ng v\u00e0 \u1ee9ng d\u1ee5ng c\u1ee7a Eptifibatide CAS 188627-80- 7<\/strong><br \/>\n Arginin-glycin-aspartat-mimetic, li\u00ean k\u1ebft thu\u1eadn ngh\u1ecbch v\u1edbi ti\u1ec3u c\u1ea7u \u0111\u1ec3 gi\u1ea3m nguy c\u01a1 c\u00e1c bi\u1ebfn c\u1ed1 thi\u1ebfu m\u00e1u c\u1ee5c b\u1ed9 \u1edf tim.<\/p>\n","protected":false},"excerpt":{"rendered":"<p>T\u00ean s\u1ea3n ph\u1ea9m: Eptifibatide<br \/>\n CAS: 188627-80-7<br \/>\n MF: C35H49N11O9S2<br \/>\n MW: 831,96<br \/>\n EINECS: 641-366-7<br \/>\n Mol T\u1ec7p: 188627-80-7.mol<\/p>\n","protected":false},"featured_media":2115,"comment_status":"open","ping_status":"closed","template":"","meta":{"om_disable_all_campaigns":false,"_monsterinsights_skip_tracking":false,"_monsterinsights_sitenote_active":false,"_monsterinsights_sitenote_note":"","_monsterinsights_sitenote_category":0,"site-sidebar-layout":"default","site-content-layout":"default","ast-site-content-layout":"default","site-content-style":"default","site-sidebar-style":"default","ast-global-header-display":"","ast-banner-title-visibility":"","ast-main-header-display":"","ast-hfb-above-header-display":"","ast-hfb-below-header-display":"","ast-hfb-mobile-header-display":"","site-post-title":"","ast-breadcrumbs-content":"","ast-featured-img":"","footer-sml-layout":"","ast-disable-related-posts":"","theme-transparent-header-meta":"default","adv-header-id-meta":"","stick-header-meta":"","header-above-stick-meta":"","header-main-stick-meta":"","header-below-stick-meta":"","astra-migrate-meta-layouts":"default","ast-page-background-enabled":"default","ast-page-background-meta":{"desktop":{"background-color":"","background-image":"","background-repeat":"repeat","background-position":"center center","background-size":"auto","background-attachment":"scroll","background-type":"","background-media":"","overlay-type":"","overlay-color":"","overlay-opacity":"","overlay-gradient":""},"tablet":{"background-color":"","background-image":"","background-repeat":"repeat","background-position":"center center","background-size":"auto","background-attachment":"scroll","background-type":"","background-media":"","overlay-type":"","overlay-color":"","overlay-opacity":"","overlay-gradient":""},"mobile":{"background-color":"","background-image":"","background-repeat":"repeat","background-position":"center center","background-size":"auto","background-attachment":"scroll","background-type":"","background-media":"","overlay-type":"","overlay-color":"","overlay-opacity":"","overlay-gradient":""}},"ast-content-background-meta":{"desktop":{"background-color":"var(--ast-global-color-5)","background-image":"","background-repeat":"repeat","background-position":"center center","background-size":"auto","background-attachment":"scroll","background-type":"","background-media":"","overlay-type":"","overlay-color":"","overlay-opacity":"","overlay-gradient":""},"tablet":{"background-color":"var(--ast-global-color-5)","background-image":"","background-repeat":"repeat","background-position":"center center","background-size":"auto","background-attachment":"scroll","background-type":"","background-media":"","overlay-type":"","overlay-color":"","overlay-opacity":"","overlay-gradient":""},"mobile":{"background-color":"var(--ast-global-color-5)","background-image":"","background-repeat":"repeat","background-position":"center center","background-size":"auto","background-attachment":"scroll","background-type":"","background-media":"","overlay-type":"","overlay-color":"","overlay-opacity":"","overlay-gradient":""}}},"product_brand":[],"product_cat":[418],"product_tag":[991],"class_list":{"0":"post-8761","1":"product","2":"type-product","3":"status-publish","4":"has-post-thumbnail","6":"product_cat-peptide-trong-mau-va-mach-mau","7":"product_tag-puya-supply-eptifibatide-cas-188627-80-7-vi","8":"desktop-align-left","9":"tablet-align-left","10":"mobile-align-left","12":"first","13":"instock","14":"shipping-taxable","15":"product-type-simple"},"_links":{"self":[{"href":"https:\/\/puyapeptide.net\/vi\/wp-json\/wp\/v2\/product\/8761","targetHints":{"allow":["GET"]}}],"collection":[{"href":"https:\/\/puyapeptide.net\/vi\/wp-json\/wp\/v2\/product"}],"about":[{"href":"https:\/\/puyapeptide.net\/vi\/wp-json\/wp\/v2\/types\/product"}],"replies":[{"embeddable":true,"href":"https:\/\/puyapeptide.net\/vi\/wp-json\/wp\/v2\/comments?post=8761"}],"wp:featuredmedia":[{"embeddable":true,"href":"https:\/\/puyapeptide.net\/vi\/wp-json\/wp\/v2\/media\/2115"}],"wp:attachment":[{"href":"https:\/\/puyapeptide.net\/vi\/wp-json\/wp\/v2\/media?parent=8761"}],"wp:term":[{"taxonomy":"product_brand","embeddable":true,"href":"https:\/\/puyapeptide.net\/vi\/wp-json\/wp\/v2\/product_brand?post=8761"},{"taxonomy":"product_cat","embeddable":true,"href":"https:\/\/puyapeptide.net\/vi\/wp-json\/wp\/v2\/product_cat?post=8761"},{"taxonomy":"product_tag","embeddable":true,"href":"https:\/\/puyapeptide.net\/vi\/wp-json\/wp\/v2\/product_tag?post=8761"}],"curies":[{"name":"wp","href":"https:\/\/api.w.org\/{rel}","templated":true}]}}