{"id":8941,"date":"2021-12-17T03:38:46","date_gmt":"2021-12-17T08:38:46","guid":{"rendered":"https:\/\/puyapeptide.net\/product\/ban-nong-plecanatide-cas-467426-54-6-su-dung-de-dieu-tri-tao-bon-vo-can-man-tinh-cic\/"},"modified":"2021-12-17T03:38:46","modified_gmt":"2021-12-17T08:38:46","slug":"ban-nong-plecanatide-cas-467426-54-6-su-dung-de-dieu-tri-tao-bon-vo-can-man-tinh-cic","status":"publish","type":"product","link":"https:\/\/puyapeptide.net\/vi\/product\/ban-nong-plecanatide-cas-467426-54-6-su-dung-de-dieu-tri-tao-bon-vo-can-man-tinh-cic\/","title":{"rendered":"B\u00e1n n\u00f3ng Plecanatide CAS 467426-54-6 S\u1eed d\u1ee5ng \u0111\u1ec3 \u0110i\u1ec1u tr\u1ecb t\u00e1o b\u00f3n v\u00f4 c\u0103n m\u00e3n t\u00ednh (CIC)"},"content":{"rendered":"<h2><strong>B\u00e1n n\u00f3ng Plecanatide CAS 467426-54-6 S\u1eed d\u1ee5ng \u0111\u1ec3 \u0110i\u1ec1u tr\u1ecb t\u00e1o b\u00f3n v\u00f4 c\u0103n m\u00e3n t\u00ednh (CIC)<\/strong><\/h2>\n<p> T\u00ean s\u1ea3n ph\u1ea9m: Plecanatide<br \/>\n T\u1eeb \u0111\u1ed3ng ngh\u0129a: Plecanatide; ASN-ASP-GLU-CYS-GLU-LEU-CYS-VAL-ASN-VAL-ALA-CYS-THR-GLY-CYS-LEU (TRAI B\u1ea4T B\u1ea0I CYS1 &amp; CYS3, CYS2 &amp; CYS4); Plecanatide Impurtiy; L-Leucine, L-asparaginyl-L-\u03b1-aspartyl-L-\u03b1-glutamyl-L-cysteinyl-L-\u03b1-glutamyl-L-leucyl-L-cysteinyl-L-valyl-L- asparaginyl-L-valyl-L-alanyl-L-cysteinyl-L-threonylglycyl-L-cysteinyl-, v\u00f2ng (4 \u2192 12), (7 \u2192 15) -bis (disulfide); Plecanatide fandachem; t\u1ea1p ch\u1ea5t Plecanatide; Plecanatide USP \/ EP \/ BP; Prikanatide<br \/>\n CAS: 467426-54-6<br \/>\n MF: C65H104N18O26S4<br \/>\n MW: 1681.89<br \/>\n Mol File: 467426-54-6.mol <\/p>\n<p> Plecanatide l\u00e0 m\u1ed9t s\u1ea3n ph\u1ea9m m\u1edbi thu\u1ed1c t\u00e1c \u0111\u1ed9ng \u0111\u1ebfn enzym guanylate cyclase, k\u00edch th\u00edch ti\u1ebft d\u1ecbch ru\u1ed9t v\u00e0 th\u00fac \u0111\u1ea9y nhu \u0111\u1ed9ng ru\u1ed9t. Peptide d\u1ea1ng u\u1ed1ng, bao g\u1ed3m 16 axit amin, \u0111\u01b0\u1ee3c thi\u1ebft k\u1ebf \u0111\u1ec3 b\u1eaft ch\u01b0\u1edbc guanosine trong n\u01b0\u1edbc ti\u1ec3u, m\u1ed9t lo\u1ea1i peptide \u0111\u01b0\u1eddng ti\u00eau h\u00f3a c\u1ee7a con ng\u01b0\u1eddi. Ban \u0111\u1ea7u \u0111\u01b0\u1ee3c ph\u00e1t tri\u1ec3n b\u1edfi Callisto Pharmaceuticals t\u1ea1i Hoa K\u1ef3 v\u00e0 \u0111\u01b0\u1ee3c chuy\u1ec3n giao cho Synergy Pharmaceuticals \u0111\u1ec3 ph\u00e1t tri\u1ec3n, procainatide \u0111\u00e3 \u0111\u01b0\u1ee3c C\u01a1 quan Qu\u1ea3n l\u00fd Th\u1ef1c ph\u1ea9m v\u00e0 D\u01b0\u1ee3c ph\u1ea9m Hoa K\u1ef3 (FDA) ph\u00ea duy\u1ec7t \u0111\u1ec3 ti\u1ebfp th\u1ecb v\u00e0o ng\u00e0y 19 th\u00e1ng 1. (uroguanylin) v\u00e0 ch\u1ee9a 16 N\u00f3 l\u00e0 m\u1ed9t ch\u1ea5t t\u01b0\u01a1ng t\u1ef1 c\u1ee7a uroguanylin, m\u1ed9t peptit m\u1ea1ch v\u00f2ng ch\u1ee9a 16 axit amin, v\u00e0 c\u00f3 ch\u1ee9c n\u0103ng c\u1ee7a ch\u1ea5t ch\u1ee7 v\u1eadn th\u1ee5 th\u1ec3 guanylate cyclase, th\u00fac \u0111\u1ea9y b\u00e0i ti\u1ebft natri qua n\u01b0\u1edbc ti\u1ec3u, \u0111i\u1ec1u ch\u1ec9nh c\u00e1c ion axit-baz\u01a1 trong \u0111\u01b0\u1eddng ti\u00eau h\u00f3a, g\u00e2y ra d\u1ecbch v\u1eadn chuy\u1ec3n v\u00e0o \u0111\u01b0\u1eddng ti\u00eau h\u00f3a, v\u00e0 l\u00e0m t\u0103ng nhu \u0111\u1ed9ng c\u1ee7a \u0111\u01b0\u1eddng ti\u00eau h\u00f3a. <\/p>\n<p> D\u1ecbch v\u1edbi www.DeepL.com\/Translator (phi\u00ean b\u1ea3n mi\u1ec5n ph\u00ed) <\/p>\n<p> <strong>Ch\u1ee9c n\u0103ng v\u00e0 \u1ee9ng d\u1ee5ng c\u1ee7a Plecanatide<\/strong><br \/>\n Procainide l\u00e0 m\u1ed9t Ch\u1ea5t ch\u1ee7 v\u1eadn th\u1ee5 th\u1ec3 guanylatecyclase-C (GC-C) th\u00fac \u0111\u1ea9y b\u00e0i ti\u1ebft natri qua n\u01b0\u1edbc ti\u1ec3u, \u0111i\u1ec1u ch\u1ec9nh c\u00e1c ion axit-baz\u01a1 trong \u0111\u01b0\u1eddng ti\u00eau h\u00f3a, v\u1eadn chuy\u1ec3n ch\u1ea5t l\u1ecfng v\u00e0o th e \u0111\u01b0\u1eddng ti\u00eau h\u00f3a, v\u00e0 t\u0103ng nhu \u0111\u1ed9ng trong \u0111\u01b0\u1eddng ti\u00eau h\u00f3a, v\u00e0 \u0111\u01b0\u1ee3c ch\u1ec9 \u0111\u1ecbnh \u0111\u1ec3 \u0111i\u1ec1u tr\u1ecb CIC \u1edf ng\u01b0\u1eddi l\u1edbn.<\/p>\n","protected":false},"excerpt":{"rendered":"<p>T\u00ean s\u1ea3n ph\u1ea9m: Plecanatide <strong><br \/>\n CAS: 467426-54-6<br \/>\n MF: C65H104N18O26S4<br \/>\n MW: 1681.89<br \/>\n Mol T\u1ec7p: 467426-54-6.mol<\/strong><\/p>\n","protected":false},"featured_media":2178,"comment_status":"open","ping_status":"closed","template":"","meta":{"om_disable_all_campaigns":false,"_monsterinsights_skip_tracking":false,"_monsterinsights_sitenote_active":false,"_monsterinsights_sitenote_note":"","_monsterinsights_sitenote_category":0,"site-sidebar-layout":"default","site-content-layout":"default","ast-site-content-layout":"default","site-content-style":"default","site-sidebar-style":"default","ast-global-header-display":"","ast-banner-title-visibility":"","ast-main-header-display":"","ast-hfb-above-header-display":"","ast-hfb-below-header-display":"","ast-hfb-mobile-header-display":"","site-post-title":"","ast-breadcrumbs-content":"","ast-featured-img":"","footer-sml-layout":"","ast-disable-related-posts":"","theme-transparent-header-meta":"default","adv-header-id-meta":"","stick-header-meta":"","header-above-stick-meta":"","header-main-stick-meta":"","header-below-stick-meta":"","astra-migrate-meta-layouts":"default","ast-page-background-enabled":"default","ast-page-background-meta":{"desktop":{"background-color":"","background-image":"","background-repeat":"repeat","background-position":"center center","background-size":"auto","background-attachment":"scroll","background-type":"","background-media":"","overlay-type":"","overlay-color":"","overlay-opacity":"","overlay-gradient":""},"tablet":{"background-color":"","background-image":"","background-repeat":"repeat","background-position":"center center","background-size":"auto","background-attachment":"scroll","background-type":"","background-media":"","overlay-type":"","overlay-color":"","overlay-opacity":"","overlay-gradient":""},"mobile":{"background-color":"","background-image":"","background-repeat":"repeat","background-position":"center center","background-size":"auto","background-attachment":"scroll","background-type":"","background-media":"","overlay-type":"","overlay-color":"","overlay-opacity":"","overlay-gradient":""}},"ast-content-background-meta":{"desktop":{"background-color":"var(--ast-global-color-5)","background-image":"","background-repeat":"repeat","background-position":"center center","background-size":"auto","background-attachment":"scroll","background-type":"","background-media":"","overlay-type":"","overlay-color":"","overlay-opacity":"","overlay-gradient":""},"tablet":{"background-color":"var(--ast-global-color-5)","background-image":"","background-repeat":"repeat","background-position":"center center","background-size":"auto","background-attachment":"scroll","background-type":"","background-media":"","overlay-type":"","overlay-color":"","overlay-opacity":"","overlay-gradient":""},"mobile":{"background-color":"var(--ast-global-color-5)","background-image":"","background-repeat":"repeat","background-position":"center center","background-size":"auto","background-attachment":"scroll","background-type":"","background-media":"","overlay-type":"","overlay-color":"","overlay-opacity":"","overlay-gradient":""}}},"product_brand":[],"product_cat":[467],"product_tag":[819],"class_list":{"0":"post-8941","1":"product","2":"type-product","3":"status-publish","4":"has-post-thumbnail","6":"product_cat-he-tieu-hoa-peptide","7":"product_tag-plecanatide-cas-467426-54-6-use-for-treat-chronic-idiopathic-constipation-vi","8":"desktop-align-left","9":"tablet-align-left","10":"mobile-align-left","12":"first","13":"instock","14":"shipping-taxable","15":"product-type-simple"},"_links":{"self":[{"href":"https:\/\/puyapeptide.net\/vi\/wp-json\/wp\/v2\/product\/8941","targetHints":{"allow":["GET"]}}],"collection":[{"href":"https:\/\/puyapeptide.net\/vi\/wp-json\/wp\/v2\/product"}],"about":[{"href":"https:\/\/puyapeptide.net\/vi\/wp-json\/wp\/v2\/types\/product"}],"replies":[{"embeddable":true,"href":"https:\/\/puyapeptide.net\/vi\/wp-json\/wp\/v2\/comments?post=8941"}],"wp:featuredmedia":[{"embeddable":true,"href":"https:\/\/puyapeptide.net\/vi\/wp-json\/wp\/v2\/media\/2178"}],"wp:attachment":[{"href":"https:\/\/puyapeptide.net\/vi\/wp-json\/wp\/v2\/media?parent=8941"}],"wp:term":[{"taxonomy":"product_brand","embeddable":true,"href":"https:\/\/puyapeptide.net\/vi\/wp-json\/wp\/v2\/product_brand?post=8941"},{"taxonomy":"product_cat","embeddable":true,"href":"https:\/\/puyapeptide.net\/vi\/wp-json\/wp\/v2\/product_cat?post=8941"},{"taxonomy":"product_tag","embeddable":true,"href":"https:\/\/puyapeptide.net\/vi\/wp-json\/wp\/v2\/product_tag?post=8941"}],"curies":[{"name":"wp","href":"https:\/\/api.w.org\/{rel}","templated":true}]}}