{"id":8978,"date":"2021-12-17T03:41:11","date_gmt":"2021-12-17T08:41:11","guid":{"rendered":"https:\/\/puyapeptide.net\/product\/puya-supply-semaglutide-cas-910463-68-2-su-dung-de-dieu-tri-benh-tieu-duong-loai-2\/"},"modified":"2021-12-17T03:41:11","modified_gmt":"2021-12-17T08:41:11","slug":"puya-supply-semaglutide-cas-910463-68-2-su-dung-de-dieu-tri-benh-tieu-duong-loai-2","status":"publish","type":"product","link":"https:\/\/puyapeptide.net\/vi\/product\/puya-supply-semaglutide-cas-910463-68-2-su-dung-de-dieu-tri-benh-tieu-duong-loai-2\/","title":{"rendered":"Puya Supply Semaglutide Cas 910463-68-2 S\u1eed d\u1ee5ng \u0111\u1ec3 \u0111i\u1ec1u tr\u1ecb b\u1ec7nh ti\u1ec3u \u0111\u01b0\u1eddng lo\u1ea1i 2"},"content":{"rendered":"<h2><strong>Puya Supply Semaglutide Cas 910463-68-2 S\u1eed d\u1ee5ng \u0111\u1ec3 \u0111i\u1ec1u tr\u1ecb b\u1ec7nh ti\u1ec3u \u0111\u01b0\u1eddng lo\u1ea1i 2<\/strong><\/h2>\n<p> T\u00ean s\u1ea3n ph\u1ea9m: Sermaglutide<br \/>\n T\u1eeb \u0111\u1ed3ng ngh\u0129a: Sermaglutide; Semaglutide fandachem; Semaglutide t\u1ea1p ch\u1ea5t; Sermaglutide USP \/ EP \/ BP; semaglutide; Sermaglutide CAS 910463 68 2<br \/>\n CAS: 910463-68-2<br \/>\n MF1N187H29<br \/>\n MW: 4113.57754<br \/>\n EINECS: 203-405-2<br \/>\n Danh m\u1ee5c s\u1ea3n ph\u1ea9m: GLP; PP; APIs; API<br \/>\n Mol File: 910463-68-2.mol<br \/>\n K\u00edch th\u01b0\u1edbc \u0111\u00f3ng g\u00f3i 1g \/ Chai , 10g \/ Chai, 50g \/ Chai ho\u1eb7c theo y\u00eau c\u1ea7u c\u1ee7a kh\u00e1ch h\u00e0ng <\/p>\n<p> Semaglutide l\u00e0 ch\u1ea5t t\u01b0\u01a1ng t\u1ef1 GLP-1 (glucagon-like peptide-1) th\u1ebf h\u1ec7 m\u1edbi. Semaglutide l\u00e0 d\u1ea1ng b\u00e0o ch\u1ebf t\u00e1c d\u1ee5ng k\u00e9o d\u00e0i d\u1ef1a tr\u00ean c\u1ea5u tr\u00fac c\u01a1 b\u1ea3n c\u1ee7a liraglutide, c\u00f3 hi\u1ec7u qu\u1ea3 h\u01a1n trong \u0111i\u1ec1u tr\u1ecb b\u1ec7nh \u0111\u00e1i th\u00e1o \u0111\u01b0\u1eddng t\u00fdp 2. So v\u1edbi lilarlutide, somalutide c\u00f3 chu\u1ed7i k\u1ef5 n\u01b0\u1edbc d\u00e0i h\u01a1n v\u00e0 t\u00ednh k\u1ef5 n\u01b0\u1edbc t\u0103ng l\u00ean, nh\u01b0ng somalutide \u0111\u01b0\u1ee3c bi\u1ebfn \u0111\u1ed5i v\u1edbi m\u1ed9t chu\u1ed7i ng\u1eafn c\u1ee7a PEG, v\u00e0 t\u00ednh \u01b0a n\u01b0\u1edbc c\u1ee7a n\u00f3 \u0111\u01b0\u1ee3c t\u0103ng c\u01b0\u1eddng \u0111\u00e1ng k\u1ec3. v\u1ecb tr\u00ed th\u1ee7y ph\u00e2n, m\u00e0 c\u00f2n l\u00e0m gi\u1ea3m b\u00e0i ti\u1ebft qua th\u1eadn, k\u00e9o d\u00e0i th\u1eddi gian b\u00e1n th\u1ea3i sinh h\u1ecdc, v\u00e0 \u0111\u1ea1t \u0111\u01b0\u1ee3c hi\u1ec7u qu\u1ea3 l\u01b0u th\u00f4ng l\u00e2u. <\/p>\n<p> <strong>Ch\u1ee9c n\u0103ng v\u00e0 \u1ee8ng d\u1ee5ng<\/strong><br \/>\n Semaglutide (USAN; t\u00ean th\u01b0\u01a1ng m\u1ea1i Ozempic) l\u00e0 m\u1ed9t d\u01b0\u1ee3c ph\u1ea9m \u0111ang \u0111\u01b0\u1ee3c ph\u00e1t tri\u1ec3n c\u1ee7a m\u1ed9t c\u00f4ng ty \u0110an M\u1ea1ch Novo Nordisk \u0111\u1ec3 \u0111i\u1ec1u tr\u1ecb b\u1ec7nh ti\u1ec3u \u0111\u01b0\u1eddng lo\u1ea1i 2. N\u00f3 \u0111\u01b0\u1ee3c b\u00e1n tr\u00ean th\u1ecb tr\u01b0\u1eddng v\u1edbi t\u00ean Ozempic. L\u00e0 m\u1ed9t ch\u1ea5t ch\u1ee7 v\u1eadn th\u1ee5 th\u1ec3 peptide-1 gi\u1ed1ng glucagon, n\u00f3 l\u00e0m gi\u1ea3m l\u01b0\u1ee3ng \u0111\u01b0\u1eddng trong m\u00e1u b\u1eb1ng c\u00e1ch t\u0103ng s\u1ea3n xu\u1ea5t in.sulin. C\u00e1c th\u1eed nghi\u1ec7m l\u00e2m s\u00e0ng \u0111\u00e3 \u0111\u01b0\u1ee3c b\u1eaft \u0111\u1ea7u v\u00e0o n\u0103m 2015, v\u00e0 giai \u0111o\u1ea1n 3 \u0111\u01b0\u1ee3c ho\u00e0n th\u00e0nh v\u00e0o n\u0103m 2016. S\u1ef1 ch\u1ea5p thu\u1eadn c\u1ee7a FDA \u0111\u00e3 \u0111\u01b0\u1ee3c \u00e1p d\u1ee5ng v\u00e0o th\u00e1ng 12 n\u0103m 2016, v\u00e0 v\u00e0o th\u00e1ng 10 n\u0103m 2017, \u1ee6y ban C\u1ed1 v\u1ea5n c\u1ee7a FDA \u0111\u00e3 b\u1ecf phi\u1ebfu \u1ee7ng h\u1ed9 v\u1edbi t\u1ef7 l\u1ec7 16-0. N\u00f3 c\u00f3 th\u1ec3 \u0111\u01b0\u1ee3c s\u1eed d\u1ee5ng d\u01b0\u1edbi d\u1ea1ng thu\u1ed1c ti\u00eam ho\u1eb7c thu\u1ed1c u\u1ed1ng.<br \/>\n C\u00e1c nh\u00e0 nghi\u00ean c\u1ee9u t\u1ea1i \u0110\u1ea1i h\u1ecdc Leeds \u0111\u00e3 b\u00e1o c\u00e1o v\u00e0o n\u0103m 2017 r\u1eb1ng n\u00f3 c\u0169ng c\u00f3 th\u1ec3 \u0111\u01b0\u1ee3c s\u1eed d\u1ee5ng \u0111\u1ec3 \u0111i\u1ec1u tr\u1ecb b\u1ec7nh b\u00e9o ph\u00ec. N\u00f3 l\u00e0m gi\u1ea3m c\u1ea3m gi\u00e1c \u0111\u00f3i, th\u00e8m \u0103n v\u00e0 ch\u1ea5t b\u00e9o trong c\u01a1 th\u1ec3.<\/p>\n","protected":false},"excerpt":{"rendered":"<p>T\u00ean s\u1ea3n ph\u1ea9m: Sermaglutide<br \/>\n CAS: 910463-68-2<br \/>\n MF: C187H291N45O59<br \/>\n MW: 4113.57754<br \/>\n EINECS: 203-405-2<br \/>\n Danh m\u1ee5c s\u1ea3n ph\u1ea9m: GLP; PP; APIs; API &lt; &amp;&gt; Mol T\u1ec7p: 910463-68-2.mol<\/p>\n","protected":false},"featured_media":2115,"comment_status":"open","ping_status":"closed","template":"","meta":{"om_disable_all_campaigns":false,"_monsterinsights_skip_tracking":false,"_monsterinsights_sitenote_active":false,"_monsterinsights_sitenote_note":"","_monsterinsights_sitenote_category":0,"site-sidebar-layout":"default","site-content-layout":"default","ast-site-content-layout":"default","site-content-style":"default","site-sidebar-style":"default","ast-global-header-display":"","ast-banner-title-visibility":"","ast-main-header-display":"","ast-hfb-above-header-display":"","ast-hfb-below-header-display":"","ast-hfb-mobile-header-display":"","site-post-title":"","ast-breadcrumbs-content":"","ast-featured-img":"","footer-sml-layout":"","ast-disable-related-posts":"","theme-transparent-header-meta":"default","adv-header-id-meta":"","stick-header-meta":"","header-above-stick-meta":"","header-main-stick-meta":"","header-below-stick-meta":"","astra-migrate-meta-layouts":"default","ast-page-background-enabled":"default","ast-page-background-meta":{"desktop":{"background-color":"","background-image":"","background-repeat":"repeat","background-position":"center center","background-size":"auto","background-attachment":"scroll","background-type":"","background-media":"","overlay-type":"","overlay-color":"","overlay-opacity":"","overlay-gradient":""},"tablet":{"background-color":"","background-image":"","background-repeat":"repeat","background-position":"center center","background-size":"auto","background-attachment":"scroll","background-type":"","background-media":"","overlay-type":"","overlay-color":"","overlay-opacity":"","overlay-gradient":""},"mobile":{"background-color":"","background-image":"","background-repeat":"repeat","background-position":"center center","background-size":"auto","background-attachment":"scroll","background-type":"","background-media":"","overlay-type":"","overlay-color":"","overlay-opacity":"","overlay-gradient":""}},"ast-content-background-meta":{"desktop":{"background-color":"var(--ast-global-color-5)","background-image":"","background-repeat":"repeat","background-position":"center center","background-size":"auto","background-attachment":"scroll","background-type":"","background-media":"","overlay-type":"","overlay-color":"","overlay-opacity":"","overlay-gradient":""},"tablet":{"background-color":"var(--ast-global-color-5)","background-image":"","background-repeat":"repeat","background-position":"center center","background-size":"auto","background-attachment":"scroll","background-type":"","background-media":"","overlay-type":"","overlay-color":"","overlay-opacity":"","overlay-gradient":""},"mobile":{"background-color":"var(--ast-global-color-5)","background-image":"","background-repeat":"repeat","background-position":"center center","background-size":"auto","background-attachment":"scroll","background-type":"","background-media":"","overlay-type":"","overlay-color":"","overlay-opacity":"","overlay-gradient":""}}},"product_brand":[],"product_cat":[352],"product_tag":[790,768],"class_list":{"0":"post-8978","1":"product","2":"type-product","3":"status-publish","4":"has-post-thumbnail","6":"product_cat-peptide-tieu-duong","7":"product_tag-cas-910463-68-2-vi","8":"product_tag-semaglutide-vi","9":"desktop-align-left","10":"tablet-align-left","11":"mobile-align-left","13":"first","14":"instock","15":"shipping-taxable","16":"product-type-simple"},"_links":{"self":[{"href":"https:\/\/puyapeptide.net\/vi\/wp-json\/wp\/v2\/product\/8978","targetHints":{"allow":["GET"]}}],"collection":[{"href":"https:\/\/puyapeptide.net\/vi\/wp-json\/wp\/v2\/product"}],"about":[{"href":"https:\/\/puyapeptide.net\/vi\/wp-json\/wp\/v2\/types\/product"}],"replies":[{"embeddable":true,"href":"https:\/\/puyapeptide.net\/vi\/wp-json\/wp\/v2\/comments?post=8978"}],"wp:featuredmedia":[{"embeddable":true,"href":"https:\/\/puyapeptide.net\/vi\/wp-json\/wp\/v2\/media\/2115"}],"wp:attachment":[{"href":"https:\/\/puyapeptide.net\/vi\/wp-json\/wp\/v2\/media?parent=8978"}],"wp:term":[{"taxonomy":"product_brand","embeddable":true,"href":"https:\/\/puyapeptide.net\/vi\/wp-json\/wp\/v2\/product_brand?post=8978"},{"taxonomy":"product_cat","embeddable":true,"href":"https:\/\/puyapeptide.net\/vi\/wp-json\/wp\/v2\/product_cat?post=8978"},{"taxonomy":"product_tag","embeddable":true,"href":"https:\/\/puyapeptide.net\/vi\/wp-json\/wp\/v2\/product_tag?post=8978"}],"curies":[{"name":"wp","href":"https:\/\/api.w.org\/{rel}","templated":true}]}}